{"id":5116,"date":"2024-10-16T11:53:24","date_gmt":"2024-10-16T11:53:24","guid":{"rendered":"https:\/\/childrights-mooc.ch\/module-1\/"},"modified":"2026-05-06T13:18:06","modified_gmt":"2026-05-06T13:18:06","slug":"modul-1","status":"publish","type":"page","link":"https:\/\/childrights-mooc.ch\/de\/modul-1\/","title":{"rendered":"Modul 1"},"content":{"rendered":"<p>[vc_row full_width=&#8220;stretch_row&#8220; css=&#8220;.vc_custom_1729625066935{background-color: #f8eed5 !important;}&#8220;][vc_column][vc_video link=&#8220;https:\/\/www.youtube.com\/watch?v=nd6534rAVtg&#8220; el_width=&#8220;60&#8243; align=&#8220;center&#8220;][vc_column_text]<em>F\u00fcr deutsche Untertitel klicken Sie auf \u201eYouTube\u201c, dann auf <img loading=\"lazy\" decoding=\"async\" class=\"alignnone size-full wp-image-6172\" src=\"https:\/\/childrights-mooc.ch\/wp-content\/uploads\/2026\/04\/Capture-decran-2026-04-14-120143.png\" alt=\"\" width=\"22\" height=\"24\" \/> und anschliessend auf <img loading=\"lazy\" decoding=\"async\" class=\"alignnone size-full wp-image-6157\" src=\"https:\/\/childrights-mooc.ch\/wp-content\/uploads\/2026\/04\/Capture-decran-2026-04-14-113833.png\" alt=\"\" width=\"31\" height=\"31\" \/> und \u201eCaptions \u2013 German\u201c<\/em>[\/vc_column_text][vc_empty_space][vc_column_text]Willkommen zur ersten Kurswoche, die sich mit einer Einf\u00fchrung in die Kinderrechte befasst.<\/p>\n<p>In dieser Woche werden wir uns mit den Kinderrechten auf internationaler, regionaler und nationaler Ebene befassen. Wir beginnen mit der Untersuchung der Entwicklung der Kinderrechte im Laufe der Geschichte und der Rolle der Kinderrechtskonvention. Wir werden den Wandel vom Kind als Objekt zum Kind als Rechtssubjekt sowie die vier allgemeinen Prinzipien der Konvention untersuchen, auf denen ihre 54 Artikel beruhen. Um die Kinderrechte in der Schweiz und weltweit besser umzusetzen, ist es wichtig, diese Entwicklung zu verstehen und Kinder als vollwertige Mitglieder der Gesellschaft zu betrachten.<\/p>\n<p>Im zweiten Teil dieser Woche werden wir uns mit den Instrumenten des Europarates, dessen Mitglied die Schweiz ist, und ihrer Rolle bei der F\u00f6rderung der Kinderrechte befassen. Wir werden mehr \u00fcber den Lenkungsausschuss f\u00fcr Kinderrechte erfahren, der Programme und Normen entwickelt, um die Einhaltung der Kinderrechte in allen Mitgliedstaaten des Europarates zu gew\u00e4hrleisten.<\/p>\n<p>Wir werden diese Woche abschlie\u00dfen, indem wir uns mit dem Schweizer Kontext befassen, die Arbeit des UN-Kinderrechtsausschusses und die besten Praktiken in unserem Land kennenlernen. Wir werden auch die Rolle entdecken, die unabh\u00e4ngige Kinderrechtsorganisationen spielen k\u00f6nnen. Schlie\u00dflich werden wir das Fakultative Protokoll zur Kinderrechtskonvention \u00fcber ein Beschwerdeverfahren anhand eines Schweizer Beispiels vorstellen.<\/p>\n<p>Unser Ziel in dieser Woche ist es, Ihnen grundlegende Kenntnisse \u00fcber die Kinderrechte zu vermitteln, um dann in den kommenden Wochen spezifischere Themen oder Themenbereiche im Zusammenhang mit den Kinderrechten zu untersuchen.<\/p>\n<p><b><span data-olk-copy-source=\"MessageBody\">Philip D. Jaff\u00e9<br \/>\n<\/span><\/b><b>Mitglied des UN-Ausschusses f\u00fcr die Rechte des Kindes\u00a0f\u00fcr\u00a0<a class=\"cursor-pointer\" title=\"www.google.com\/search?q=childrights-mooc.ch\" href=\"http:\/\/childrights-mooc.ch\/de\/\">childrights-mooc.ch<\/a><br \/>\n<\/b><\/p>\n<p><em>Dieses Modul wurde unter Mitwirkung folgender Expert*innen entwickelt:<\/em><\/p>\n<div class=\"wpb_text_column wpb_content_element \">\n<div class=\"wpb_wrapper\">\n<p><em>Dr. Daniel Halp\u00e9rin (Association suisse des Amis du Dr. Janusz Korczak); Prof. Philip D. Jaff\u00e9 (Mitglied des UN-Ausschusses f\u00fcr die Rechte des Kindes); Dr. Roberta Ruggiero (Children\u2019s Rights Academy); Dr. Jean Zermatten (ehemaliger Pr\u00e4sident des UN-Ausschusses f\u00fcr die Rechte des Kindes); Regina Jensdottir (Head of the Children\u2019s Rights Division and Council of Europe Coordinator for the Rights of the Child, Council of Europe); Hynd Ayoubi Idrissi (Mitglied des UN-Ausschusses f\u00fcr die Rechte des Kindes); Prof. Michelle Cottier (UNIGE); Rahel Wartenweiler (Netzwerk Kinderrechte Schweiz); Jo\u00eblle Spahni (AsyLex)<\/em><\/p>\n<\/div>\n<\/div>\n<div class=\"vc_row wpb_row vc_inner vc_row-fluid\">\n<div class=\"wpb_column vc_column_container vc_col-sm-6\">\n<div class=\"vc_column-inner\">\n<div class=\"wpb_wrapper\">\n<div class=\"gt-button gt-style-1 gt-align-left gt-inline-false gt-margin-false\"><\/div>\n<\/div>\n<\/div>\n<\/div>\n<\/div>\n<p>[\/vc_column_text][vc_row_inner][vc_column_inner width=&#8220;1\/2&#8243;]<div class=\"gt-button gt-style-1 gt-align-left gt-inline-false gt-margin-false\"><a href=\"https:\/\/childrights-mooc.ch\/wp-content\/uploads\/2025\/03\/Module-1-GR_10.03.2025.pdf\" target=\"_blank\"><span>Modulplan<\/span><\/a><\/div>[\/vc_column_inner][vc_column_inner width=&#8220;1\/2&#8243;]<div class=\"gt-button gt-style-1 gt-align-right gt-inline-false gt-margin-false\"><a href=\"https:\/\/www.openlearnity.org\/courses\/MOOCCH_DE\/\" target=\"_blank\"><span>Jetzt anmelden<\/span><\/a><\/div>[\/vc_column_inner][\/vc_row_inner][vc_empty_space height=&#8220;64px&#8220;][\/vc_column][\/vc_row]<\/p>\n","protected":false},"excerpt":{"rendered":"<p>[vc_row full_width=&#8220;stretch_row&#8220; css=&#8220;.vc_custom_1729625066935{background-color: #f8eed5 !important;}&#8220;][vc_column][vc_video link=&#8220;https:\/\/www.youtube.com\/watch?v=nd6534rAVtg&#8220; el_width=&#8220;60&#8243; align=&#8220;center&#8220;][vc_column_text]F\u00fcr deutsche Untertitel klicken Sie auf \u201eYouTube\u201c, dann auf und anschliessend auf und \u201eCaptions \u2013 German\u201c[\/vc_column_text][vc_empty_space][vc_column_text]Willkommen zur ersten Kurswoche, die sich mit einer Einf\u00fchrung in die Kinderrechte befasst. In dieser Woche werden wir&#8230;<\/p>\n","protected":false},"author":3,"featured_media":0,"parent":0,"menu_order":0,"comment_status":"closed","ping_status":"closed","template":"","meta":{"footnotes":""},"class_list":["post-5116","page","type-page","status-publish","hentry"],"_links":{"self":[{"href":"https:\/\/childrights-mooc.ch\/de\/wp-json\/wp\/v2\/pages\/5116","targetHints":{"allow":["GET"]}}],"collection":[{"href":"https:\/\/childrights-mooc.ch\/de\/wp-json\/wp\/v2\/pages"}],"about":[{"href":"https:\/\/childrights-mooc.ch\/de\/wp-json\/wp\/v2\/types\/page"}],"author":[{"embeddable":true,"href":"https:\/\/childrights-mooc.ch\/de\/wp-json\/wp\/v2\/users\/3"}],"replies":[{"embeddable":true,"href":"https:\/\/childrights-mooc.ch\/de\/wp-json\/wp\/v2\/comments?post=5116"}],"version-history":[{"count":21,"href":"https:\/\/childrights-mooc.ch\/de\/wp-json\/wp\/v2\/pages\/5116\/revisions"}],"predecessor-version":[{"id":6223,"href":"https:\/\/childrights-mooc.ch\/de\/wp-json\/wp\/v2\/pages\/5116\/revisions\/6223"}],"wp:attachment":[{"href":"https:\/\/childrights-mooc.ch\/de\/wp-json\/wp\/v2\/media?parent=5116"}],"curies":[{"name":"wp","href":"https:\/\/api.w.org\/{rel}","templated":true}]}}