{"id":5124,"date":"2024-10-15T19:13:23","date_gmt":"2024-10-15T19:13:23","guid":{"rendered":"https:\/\/childrights-mooc.ch\/comite-de-pilotage\/"},"modified":"2026-03-05T09:40:00","modified_gmt":"2026-03-05T09:40:00","slug":"lenkungsausschuss","status":"publish","type":"page","link":"https:\/\/childrights-mooc.ch\/de\/lenkungsausschuss\/","title":{"rendered":"Lenkungsausschuss"},"content":{"rendered":"<p>[vc_row full_width=&#8220;stretch_row&#8220; css=&#8220;.vc_custom_1729536227588{background-color: #f8eed5 !important;}&#8220;][vc_column][vc_empty_space height=&#8220;16px&#8220;][\/vc_column][\/vc_row][vc_row full_width=&#8220;stretch_row&#8220; css=&#8220;.vc_custom_1729536279630{background-color: #f8eed5 !important;}&#8220;][vc_column width=&#8220;1\/4&#8243;][vc_single_image image=&#8220;3161&#8243; img_size=&#8220;100&#215;100&#8243; alignment=&#8220;center&#8220; style=&#8220;vc_box_circle&#8220;][vc_column_text css=&#8220;.vc_custom_1728910371027{margin-top: 15px !important;}&#8220;]<span style=\"font-size: 16px;\"><strong><span class=\"major-color\">Roberta Ruggiero<\/span><\/strong><\/span>[\/vc_column_text][vc_tta_accordion color=&#8220;chino&#8220; c_icon=&#8220;triangle&#8220; c_position=&#8220;right&#8220; active_section=&#8220;99&#8243; collapsible_all=&#8220;true&#8220; css=&#8220;.vc_custom_1729449787572{background-color: #ffffff !important;}&#8220;][vc_tta_section title=&#8220;Biographie&#8220; tab_id=&#8220;1728907590523-56ae03d3-c522&#8243;][vc_column_text]Dr. Roberta Ruggiero, PhD, ist Direktorin der Children&#8217;s Rights Academy und Akademische Koordinatorin des Children&#8217;s Rights European Academic Network (CREAN) am Centre for Children&#8217;s Rights Studies (CCRS) der Universit\u00e4t Genf. \u2028Ihre Ver\u00f6ffentlichungen und Forschungsinteressen im interdisziplin\u00e4ren Bereich der Kinderrechtsstudien konzentrieren sich auf die Umsetzung und \u00dcberwachung des internationalen V\u00f6lkerrechts, das den Rechten des Kindes gewidmet ist, einschlie\u00dflich der Kinderrechtskonvention, unabh\u00e4ngiger Kinderrechteinstitutionen, rechtlicher und sozialer Indikatoren f\u00fcr und Folgenabsch\u00e4tzung einer evidenzb Dr. Ruggiero ist Mitglied des Redaktionsausschusses des International Journal on Child Maltreatment: Research, Policy and Practice (Springer) und Mitglied des Internationalen Beirats des International Journal of Children&#8217;s Rights (Brill). Sie ist au\u00dferdem Mitglied des Vorstands der Stiftung Institut International des Droits de l&#8217;Enfant (IDE Dr. Ruggiero ist Co-Direktorin des Master of Advanced Studies in Children&#8217;s Rights (MCR) und der Summer School \u201eChildren&#8217;s Rights at the Heart of Human Rights\u201c. Am 20. Januar 2024 wurde Dr. Ruggiero von der Maria-Grzegorzewska-Universit\u00e4t in Warschau, Polen, die Janusz-Korczak-Medaille der UNESCO verliehen, in Anerkennung ihrer anhaltenden Unterst\u00fctzung f\u00fcr die Umsetzung der UN-Ziele. Eine aktuelle Liste der Publikationen finden Sie unter <a href=\"https:\/\/orcid.org\/0000-0002-8756-7354\">https:\/\/orcid.org\/0000-0002-8756-7354<\/a>[\/vc_column_text][\/vc_tta_section][\/vc_tta_accordion][\/vc_column][vc_column width=&#8220;1\/4&#8243;][vc_column_text css=&#8220;.vc_custom_1772703544887{margin-top: 15px !important;}&#8220;]<span style=\"font-size: 16px;\"><strong><span class=\"major-color\">G\u00e9raldine Gianadda<\/span><\/strong><\/span>[\/vc_column_text][vc_tta_accordion color=&#8220;chino&#8220; c_icon=&#8220;triangle&#8220; c_position=&#8220;right&#8220; active_section=&#8220;99&#8243; collapsible_all=&#8220;true&#8220; css=&#8220;.vc_custom_1729449753458{background-color: #ffffff !important;}&#8220;][vc_tta_section title=&#8220;Biographie&#8220; tab_id=&#8220;1728907590520-d433009f-7f12&#8243;][vc_column_text][\/vc_column_text][\/vc_tta_section][\/vc_tta_accordion][\/vc_column][vc_column width=&#8220;1\/4&#8243;][vc_column_text css=&#8220;.vc_custom_1772703565494{margin-top: 15px !important;}&#8220;]<span style=\"font-size: 16px;\"><strong><span class=\"major-color\">Sophie Barbey<\/span><\/strong><\/span>[\/vc_column_text][vc_tta_accordion color=&#8220;chino&#8220; c_icon=&#8220;triangle&#8220; c_position=&#8220;right&#8220; active_section=&#8220;99&#8243; collapsible_all=&#8220;true&#8220; css=&#8220;.vc_custom_1729449759825{background-color: #ffffff !important;}&#8220;][vc_tta_section title=&#8220;Biographie&#8220; tab_id=&#8220;1728907590521-a8ce0247-8375&#8243;][vc_column_text][\/vc_column_text][\/vc_tta_section][\/vc_tta_accordion][\/vc_column][\/vc_row][vc_row full_width=&#8220;stretch_row&#8220; css=&#8220;.vc_custom_1729536221958{background-color: #f8eed5 !important;}&#8220;][vc_column][vc_empty_space height=&#8220;16px&#8220;][\/vc_column][\/vc_row]<\/p>\n","protected":false},"excerpt":{"rendered":"<p>[vc_row full_width=&#8220;stretch_row&#8220; css=&#8220;.vc_custom_1729536227588{background-color: #f8eed5 !important;}&#8220;][vc_column][vc_empty_space height=&#8220;16px&#8220;][\/vc_column][\/vc_row][vc_row full_width=&#8220;stretch_row&#8220; css=&#8220;.vc_custom_1729536279630{background-color: #f8eed5 !important;}&#8220;][vc_column width=&#8220;1\/4&#8243;][vc_single_image image=&#8220;3161&#8243; img_size=&#8220;100&#215;100&#8243; alignment=&#8220;center&#8220; style=&#8220;vc_box_circle&#8220;][vc_column_text css=&#8220;.vc_custom_1728910371027{margin-top: 15px !important;}&#8220;]Roberta Ruggiero[\/vc_column_text][vc_tta_accordion color=&#8220;chino&#8220; c_icon=&#8220;triangle&#8220; c_position=&#8220;right&#8220; active_section=&#8220;99&#8243; collapsible_all=&#8220;true&#8220; css=&#8220;.vc_custom_1729449787572{background-color: #ffffff !important;}&#8220;][vc_tta_section title=&#8220;Biographie&#8220; tab_id=&#8220;1728907590523-56ae03d3-c522&#8243;][vc_column_text]Dr. Roberta Ruggiero, PhD, ist Direktorin der Children&#8217;s Rights Academy und Akademische&#8230;<\/p>\n","protected":false},"author":3,"featured_media":0,"parent":0,"menu_order":0,"comment_status":"closed","ping_status":"closed","template":"","meta":{"footnotes":""},"class_list":["post-5124","page","type-page","status-publish","hentry"],"_links":{"self":[{"href":"https:\/\/childrights-mooc.ch\/de\/wp-json\/wp\/v2\/pages\/5124","targetHints":{"allow":["GET"]}}],"collection":[{"href":"https:\/\/childrights-mooc.ch\/de\/wp-json\/wp\/v2\/pages"}],"about":[{"href":"https:\/\/childrights-mooc.ch\/de\/wp-json\/wp\/v2\/types\/page"}],"author":[{"embeddable":true,"href":"https:\/\/childrights-mooc.ch\/de\/wp-json\/wp\/v2\/users\/3"}],"replies":[{"embeddable":true,"href":"https:\/\/childrights-mooc.ch\/de\/wp-json\/wp\/v2\/comments?post=5124"}],"version-history":[{"count":7,"href":"https:\/\/childrights-mooc.ch\/de\/wp-json\/wp\/v2\/pages\/5124\/revisions"}],"predecessor-version":[{"id":6095,"href":"https:\/\/childrights-mooc.ch\/de\/wp-json\/wp\/v2\/pages\/5124\/revisions\/6095"}],"wp:attachment":[{"href":"https:\/\/childrights-mooc.ch\/de\/wp-json\/wp\/v2\/media?parent=5124"}],"curies":[{"name":"wp","href":"https:\/\/api.w.org\/{rel}","templated":true}]}}