{"id":5130,"date":"2024-10-15T17:44:23","date_gmt":"2024-10-15T17:44:23","guid":{"rendered":"https:\/\/childrights-mooc.ch\/contexte\/"},"modified":"2026-01-21T08:54:15","modified_gmt":"2026-01-21T08:54:15","slug":"kontext","status":"publish","type":"page","link":"https:\/\/childrights-mooc.ch\/de\/kontext\/","title":{"rendered":"Kontext"},"content":{"rendered":"<p>[vc_row full_width=&#8220;stretch_row&#8220; css=&#8220;.vc_custom_1729625066935{background-color: #f8eed5 !important;}&#8220;][vc_column][vc_empty_space][vc_column_text]Zu den Verpflichtungen der Vertragsstaaten der UN-Kinderrechtskonvention geh\u00f6rt es, die allgemeine Bev\u00f6lkerung f\u00fcr die Kinderrechte zu sensibilisieren und die Fachkr\u00e4fte, die f\u00fcr und mit Kindern arbeiten, zu schulen.<\/p>\n<p>Die Allgemeine Bemerkung Nr. 5 des UN-Kinderrechtsausschusses betont, dass die Staaten verpflichtet sind, ihre Anstrengungen im Bereich der Ausbildung und des Kapazit\u00e4tsaufbaus aller am Prozess der Umsetzung der Konvention beteiligten Personen zu verst\u00e4rken.<\/p>\n<p>In den drei bisherigen Pr\u00fcfungen des Ausschusses (2002, 2015, 2021) zur Lage der Kinderrechte in der Schweiz hat der Ausschuss explizite Empfehlungen abgegeben insbesondere im Jahr 2021:<\/p>\n<p><em>(\u2026) insbesondere durch die Bereitstellung ausreichender Ressourcen daf\u00fcr zu sorgen, dass alle Fachkr\u00e4fte, die im Dienst oder im Kontakt mit Kindern t\u00e4tig sind, eine systematische Schulung zu den Kinderrechte und auch zum UN-Kinderrechtskonvention und seinen Fakultativprotokollen erhalten. Dies gilt insbesondere f\u00fcr diejenigen, die in den Bereichen Bildung, Gesundheit, Kindesschutz, Sozialschutz, Ersatzschutz, Justiz und Asyl t\u00e4tig sind.<\/em><\/p>\n<p><em>(Abschliessende Bemerkungen zum Bericht der Schweiz als f\u00fcnfter und sechster periodischer Bericht, Artikel 14 b)<\/em>[\/vc_column_text][vc_empty_space][\/vc_column][\/vc_row]<\/p>\n","protected":false},"excerpt":{"rendered":"<p>[vc_row full_width=&#8220;stretch_row&#8220; css=&#8220;.vc_custom_1729625066935{background-color: #f8eed5 !important;}&#8220;][vc_column][vc_empty_space][vc_column_text]Zu den Verpflichtungen der Vertragsstaaten der UN-Kinderrechtskonvention geh\u00f6rt es, die allgemeine Bev\u00f6lkerung f\u00fcr die Kinderrechte zu sensibilisieren und die Fachkr\u00e4fte, die f\u00fcr und mit Kindern arbeiten, zu schulen. Die Allgemeine Bemerkung Nr. 5 des UN-Kinderrechtsausschusses betont,&#8230;<\/p>\n","protected":false},"author":3,"featured_media":0,"parent":0,"menu_order":0,"comment_status":"closed","ping_status":"closed","template":"","meta":{"footnotes":""},"class_list":["post-5130","page","type-page","status-publish","hentry"],"_links":{"self":[{"href":"https:\/\/childrights-mooc.ch\/de\/wp-json\/wp\/v2\/pages\/5130","targetHints":{"allow":["GET"]}}],"collection":[{"href":"https:\/\/childrights-mooc.ch\/de\/wp-json\/wp\/v2\/pages"}],"about":[{"href":"https:\/\/childrights-mooc.ch\/de\/wp-json\/wp\/v2\/types\/page"}],"author":[{"embeddable":true,"href":"https:\/\/childrights-mooc.ch\/de\/wp-json\/wp\/v2\/users\/3"}],"replies":[{"embeddable":true,"href":"https:\/\/childrights-mooc.ch\/de\/wp-json\/wp\/v2\/comments?post=5130"}],"version-history":[{"count":5,"href":"https:\/\/childrights-mooc.ch\/de\/wp-json\/wp\/v2\/pages\/5130\/revisions"}],"predecessor-version":[{"id":5993,"href":"https:\/\/childrights-mooc.ch\/de\/wp-json\/wp\/v2\/pages\/5130\/revisions\/5993"}],"wp:attachment":[{"href":"https:\/\/childrights-mooc.ch\/de\/wp-json\/wp\/v2\/media?parent=5130"}],"curies":[{"name":"wp","href":"https:\/\/api.w.org\/{rel}","templated":true}]}}