{"id":5132,"date":"2024-10-15T18:58:41","date_gmt":"2024-10-15T18:58:41","guid":{"rendered":"https:\/\/childrights-mooc.ch\/equipe-technique\/"},"modified":"2026-02-05T13:53:03","modified_gmt":"2026-02-05T13:53:03","slug":"technisches-team","status":"publish","type":"page","link":"https:\/\/childrights-mooc.ch\/de\/technisches-team\/","title":{"rendered":"Technisches Team"},"content":{"rendered":"<p>[vc_row full_width=&#8220;stretch_row&#8220; css=&#8220;.vc_custom_1729625554323{background-color: #f8eed5 !important;}&#8220;][vc_column][vc_empty_space][\/vc_column][\/vc_row][vc_row full_width=&#8220;stretch_row&#8220; css=&#8220;.vc_custom_1729625572214{background-color: #f8eed5 !important;}&#8220;][vc_column width=&#8220;1\/4&#8243;][vc_single_image image=&#8220;5572&#8243; img_size=&#8220;100&#215;100&#8243; alignment=&#8220;center&#8220; style=&#8220;vc_box_circle&#8220;][vc_column_text css=&#8220;.vc_custom_1730373478382{margin-top: 15px !important;}&#8220;]<span style=\"font-size: 16px;\"><strong><span class=\"major-color\">Yann Colliou<\/span><\/strong><\/span><br \/>\nProjektmanager[\/vc_column_text][vc_tta_accordion color=&#8220;chino&#8220; c_icon=&#8220;triangle&#8220; c_position=&#8220;right&#8220; active_section=&#8220;99&#8243; collapsible_all=&#8220;true&#8220; css=&#8220;.vc_custom_1729625664267{background-color: #ffffff !important;}&#8220;][vc_tta_section title=&#8220;Biographie&#8220; tab_id=&#8220;1714411811039-d242ff40-94df1ba1-87e89758-5c32&#8243;][vc_column_text]Yann Colliou ist seit 2017 Leiter des Programms Zugang zur Justiz bei der Stiftung Terre des hommes (Tdh). Er leitete von 2021 bis 2023 das Internationale Institut f\u00fcr Kinderrechte (IDE) mit und war von 2008 bis 2016 f\u00fcr die Operationen der Stiftung Terre des hommes im Nahen Osten und in Nordafrika sowie von 2003 bis 2007 f\u00fcr humanit\u00e4re Nothilfeeins\u00e4tze zust\u00e4ndig. Als promovierter Staatsrechtler ist er Spezialist f\u00fcr Fragen im Zusammenhang mit dem Zugang zur Justiz f\u00fcr Kinder und insbesondere f\u00fcr die Anwendung von nicht freiheitsentziehenden Ma\u00dfnahmen. Seit 2012 richtet er seine \u00dcberlegungen auf Kinderrechte und Gewohnheitsrecht sowie auf hybride Justizmechanismen.[\/vc_column_text][\/vc_tta_section][\/vc_tta_accordion][\/vc_column][vc_column width=&#8220;1\/4&#8243;][vc_single_image image=&#8220;5964&#8243; img_size=&#8220;100&#215;100&#8243; alignment=&#8220;center&#8220; style=&#8220;vc_box_circle&#8220;][vc_column_text css=&#8220;.vc_custom_1768986852827{margin-top: 15px !important;}&#8220;]<span style=\"font-size: 16px;\"><strong><span class=\"major-color\">Hannah Sobocinski<\/span><\/strong><\/span><br \/>\nProjektkoordinatorin[\/vc_column_text][vc_tta_accordion color=&#8220;chino&#8220; c_icon=&#8220;triangle&#8220; c_position=&#8220;right&#8220; active_section=&#8220;99&#8243; collapsible_all=&#8220;true&#8220; css=&#8220;.vc_custom_1729625670442{background-color: #ffffff !important;}&#8220;][vc_tta_section title=&#8220;Biographie&#8220; tab_id=&#8220;1714411810216-f437112c-ab9d1ba1-87e89758-5c32&#8243;][vc_column_text]<\/p>\n<div id=\"tw-target-text-container\" class=\"tw-ta-container F0azHf tw-nfl\" tabindex=\"0\">\n<p>Hannah Sobocinski ist spezialisiert auf Kapazit\u00e4tsaufbau in fragilen Kontexten in den Bereichen Kinderrechte, humanit\u00e4re Hilfe und Menschenrechte. Sie hat Online- und Pr\u00e4senzschulungen zum Thema Kindesschutz in humanit\u00e4ren Krisen (insbesondere in Zentral- und Westafrika, Ostafrika und Bangladesch), zur Analyse humanit\u00e4rer Bed\u00fcrfnisse sowie zum Schutz und zur Unterst\u00fctzung von Menschenrechtsverteidigern geleitet.<\/p>\n<p>Als Projektkoordinatorin f\u00fcr childrights-mooc.ch ist sie f\u00fcr die Koordination, Verwaltung der Plattform, Entwicklung, F\u00f6rderung und Verbreitung von childrights-mooc.ch zust\u00e4ndig, mit dem Ziel, die Verteidigung und F\u00f6rderung der Kinderrechte in der Schweiz zu st\u00e4rken.<\/p>\n<\/div>\n<div id=\"tw-target-rmn-container\" class=\"tw-target-rmn tw-ta-container F0azHf tw-nfl\">\n<pre id=\"tw-target-rmn\" class=\"tw-data-placeholder tw-text-small tw-ta\" dir=\"ltr\" data-placeholder=\"\"><\/pre>\n<\/div>\n<div class=\"iYB33c\">\n<div class=\"dlJLJe\">\n<div data-cviv=\"false\" data-ved=\"2ahUKEwj6qZLeh5GJAxXuR_EDHTAMIP8Qz_AEegQIBxAV\">\n<div class=\"U9URNb\"><\/div>\n<\/div>\n<\/div>\n<\/div>\n<p>[\/vc_column_text][\/vc_tta_section][\/vc_tta_accordion][\/vc_column][vc_column width=&#8220;1\/4&#8243;][vc_single_image image=&#8220;5211&#8243; img_size=&#8220;100&#215;100&#8243; alignment=&#8220;center&#8220; style=&#8220;vc_box_circle&#8220;][vc_column_text css=&#8220;.vc_custom_1746552011108{margin-top: 15px !important;}&#8220;]<span style=\"font-size: 16px;\"><strong><span class=\"major-color\">Petros Raitsidis<\/span><\/strong><\/span><br \/>\nVideofilmer[\/vc_column_text][vc_tta_accordion color=&#8220;chino&#8220; c_icon=&#8220;triangle&#8220; c_position=&#8220;right&#8220; active_section=&#8220;99&#8243; collapsible_all=&#8220;true&#8220; css=&#8220;.vc_custom_1729625653947{background-color: #ffffff !important;}&#8220;][vc_tta_section title=&#8220;Biographie&#8220; tab_id=&#8220;1715364664172-94645ff5-03c71ba1-87e89758-5c32&#8243;][vc_column_text]Petros Raitsidis ist ein multidisziplin\u00e4rer Multimediadesigner mit einem reichhaltigen und vielf\u00e4ltigen Portfolio, der mit einer Vielzahl von Organisationen zusammengearbeitet hat, von innovativen Start-ups bis hin zu etablierten multinationalen Unternehmen im \u00f6ffentlichen und privaten Sektor. Nach seiner Ausbildung in 3D-Animation und Multimedia-Produktion verf\u00fcgt er \u00fcber mehr als 20 Jahre Erfahrung in den Bereichen digitale Medien, visuelle Effekte und Bildgebungstechnologien. Sein Fachwissen erstreckt sich \u00fcber eine Vielzahl von Disziplinen und er geht an seine Arbeit mit einer unersch\u00fctterlichen Neugier und Faszination f\u00fcr visuelle Kommunikation heran. Als nat\u00fcrlicher Probleml\u00f6ser liebt Petros Herausforderungen und sucht st\u00e4ndig nach M\u00f6glichkeiten, zu lernen, sich anzupassen und die Grenzen seines Handwerks und seiner F\u00e4higkeiten zu erweitern.[\/vc_column_text][\/vc_tta_section][\/vc_tta_accordion][\/vc_column][vc_column width=&#8220;1\/4&#8243;][vc_single_image image=&#8220;5581&#8243; img_size=&#8220;100&#215;100&#8243; alignment=&#8220;center&#8220; style=&#8220;vc_box_circle&#8220;][vc_column_text css=&#8220;.vc_custom_1746552065503{margin-top: 15px !important;}&#8220;]<span style=\"font-size: 16px;\"><strong><span class=\"major-color\">Kevin Feuz<\/span><\/strong><\/span><br \/>\nVideofilmer[\/vc_column_text][vc_tta_accordion color=&#8220;chino&#8220; c_icon=&#8220;triangle&#8220; c_position=&#8220;right&#8220; active_section=&#8220;99&#8243; collapsible_all=&#8220;true&#8220; css=&#8220;.vc_custom_1729625677291{background-color: #ffffff !important;}&#8220;][vc_tta_section title=&#8220;Biographie&#8220; tab_id=&#8220;1714411810645-d23c6167-69c51ba1-87e89758-5c32&#8243;][vc_column_text]Ich bin Kevin Feuz, Kameramann seit \u00fcber 14 Jahren, und meine Leidenschaft f\u00fcr das Bewegtbild begleitet mich schon seit meiner Kindheit. Schon damals war ich fasziniert von der Kraft der Bilder und der M\u00f6glichkeit, Geschichten zu erz\u00e4hlen. Diese Faszination ist auch heute noch mein Antrieb. Es ist diese Magie, die mich dazu bringt, immer wieder neue Perspektiven zu suchen und Geschichten visuell lebendig zu machen. Die meiste Zeit arbeite ich in der Werbung und an Dokumentarfilmprojekten, die mich schon weit \u00fcber die Grenzen Europas hinausgef\u00fchrt haben. Jede dieser Erfahrungen hat meinen Blick auf die Welt ver\u00e4ndert und mich als Kameramann weiter wachsen lassen. Die Vielfalt der Menschen und Kulturen, die ich durch meine Arbeit kennenlerne, bereichern meine Sichtweise und mein Handwerk. In meiner Freizeit zieht es mich oft nach drau\u00dfen, in die Natur, wo ich den Kopf freibekomme und mich mit meinem Hobby, der Analogfotografie, besch\u00e4ftige. Es ist eine entspannende, aber zugleich herausfordernde Art, die Welt zu sehen \u2013 und das gef\u00e4llt mir. Ich liebe es, den Moment einzufangen und mit der Kamera zu experimentieren und mich immer aufs neue inspirieren zu lassen.[\/vc_column_text][\/vc_tta_section][\/vc_tta_accordion][\/vc_column][\/vc_row][vc_row full_width=&#8220;stretch_row&#8220; css=&#8220;.vc_custom_1729625537644{background-color: #f8eed5 !important;}&#8220;][vc_column][vc_empty_space][\/vc_column][\/vc_row][vc_row][vc_column][vc_column_text]Ehemalige Mitarbeiterinnen: Coline Dequaire, Lyka Ciss\u00e9, Claudia Cordes.[\/vc_column_text][\/vc_column][\/vc_row]<\/p>\n","protected":false},"excerpt":{"rendered":"<p>[vc_row full_width=&#8220;stretch_row&#8220; css=&#8220;.vc_custom_1729625554323{background-color: #f8eed5 !important;}&#8220;][vc_column][vc_empty_space][\/vc_column][\/vc_row][vc_row full_width=&#8220;stretch_row&#8220; css=&#8220;.vc_custom_1729625572214{background-color: #f8eed5 !important;}&#8220;][vc_column width=&#8220;1\/4&#8243;][vc_single_image image=&#8220;5572&#8243; img_size=&#8220;100&#215;100&#8243; alignment=&#8220;center&#8220; style=&#8220;vc_box_circle&#8220;][vc_column_text css=&#8220;.vc_custom_1730373478382{margin-top: 15px !important;}&#8220;]Yann Colliou Projektmanager[\/vc_column_text][vc_tta_accordion color=&#8220;chino&#8220; c_icon=&#8220;triangle&#8220; c_position=&#8220;right&#8220; active_section=&#8220;99&#8243; collapsible_all=&#8220;true&#8220; css=&#8220;.vc_custom_1729625664267{background-color: #ffffff !important;}&#8220;][vc_tta_section title=&#8220;Biographie&#8220; tab_id=&#8220;1714411811039-d242ff40-94df1ba1-87e89758-5c32&#8243;][vc_column_text]Yann Colliou ist seit 2017 Leiter des Programms Zugang zur Justiz bei&#8230;<\/p>\n","protected":false},"author":3,"featured_media":0,"parent":0,"menu_order":0,"comment_status":"closed","ping_status":"closed","template":"","meta":{"footnotes":""},"class_list":["post-5132","page","type-page","status-publish","hentry"],"_links":{"self":[{"href":"https:\/\/childrights-mooc.ch\/de\/wp-json\/wp\/v2\/pages\/5132","targetHints":{"allow":["GET"]}}],"collection":[{"href":"https:\/\/childrights-mooc.ch\/de\/wp-json\/wp\/v2\/pages"}],"about":[{"href":"https:\/\/childrights-mooc.ch\/de\/wp-json\/wp\/v2\/types\/page"}],"author":[{"embeddable":true,"href":"https:\/\/childrights-mooc.ch\/de\/wp-json\/wp\/v2\/users\/3"}],"replies":[{"embeddable":true,"href":"https:\/\/childrights-mooc.ch\/de\/wp-json\/wp\/v2\/comments?post=5132"}],"version-history":[{"count":20,"href":"https:\/\/childrights-mooc.ch\/de\/wp-json\/wp\/v2\/pages\/5132\/revisions"}],"predecessor-version":[{"id":6051,"href":"https:\/\/childrights-mooc.ch\/de\/wp-json\/wp\/v2\/pages\/5132\/revisions\/6051"}],"wp:attachment":[{"href":"https:\/\/childrights-mooc.ch\/de\/wp-json\/wp\/v2\/media?parent=5132"}],"curies":[{"name":"wp","href":"https:\/\/api.w.org\/{rel}","templated":true}]}}