{"id":5144,"date":"2024-10-15T18:41:14","date_gmt":"2024-10-15T18:41:14","guid":{"rendered":"https:\/\/childrights-mooc.ch\/les-avantages-de-la-formation\/"},"modified":"2026-02-11T14:56:49","modified_gmt":"2026-02-11T14:56:49","slug":"vorteile-dieser-ausbildung","status":"publish","type":"page","link":"https:\/\/childrights-mooc.ch\/de\/vorteile-dieser-ausbildung\/","title":{"rendered":"Vorteile dieser Ausbildung"},"content":{"rendered":"<p>[vc_row full_width=&#8220;stretch_row&#8220; css=&#8220;.vc_custom_1729625066935{background-color: #f8eed5 !important;}&#8220;][vc_column][vc_empty_space][vc_column_text]\u2981 Die Teilnehmenden ben\u00f6tigen keinerlei Zugangsvoraussetzungen und die Organisation ist flexibel. Die Lernenden k\u00f6nnen sich jederzeit anmelden und die Schulung in ihrem eigenen Tempo absolvieren.<br \/>\n\u2981 Qualitativ hochwertige, handlungsorientierte Inhalte, die mit ausgew\u00e4hlten ExpertInnen und PartnerInnen erarbeitet werden.<br \/>\n\u2981 Inhalte, die in den drei Amtssprachen verf\u00fcgbar sind, mit von Fachkr\u00e4ften moderierten Videosequenzen.<br \/>\n\u2981 Eine Gelegenheit f\u00fcr Fachkr\u00e4fte aus verschiedenen Bereichen, sich zu treffen und in einer inter- und transdisziplin\u00e4ren Perspektive auszutauschen.<br \/>\n\u2981 Die M\u00f6glichkeit, ein von der Fondation Terre des hommes, dem Internationalen Institut f\u00fcr Kinderrechte und die &#8222;Centre for Children&#8217;s Rights Studies&#8220; der Universit\u00e4t Genf Zertifikat zu erwerben.[\/vc_column_text][vc_empty_space][\/vc_column][\/vc_row]<\/p>\n","protected":false},"excerpt":{"rendered":"<p>[vc_row full_width=&#8220;stretch_row&#8220; css=&#8220;.vc_custom_1729625066935{background-color: #f8eed5 !important;}&#8220;][vc_column][vc_empty_space][vc_column_text]\u2981 Die Teilnehmenden ben\u00f6tigen keinerlei Zugangsvoraussetzungen und die Organisation ist flexibel. Die Lernenden k\u00f6nnen sich jederzeit anmelden und die Schulung in ihrem eigenen Tempo absolvieren. \u2981 Qualitativ hochwertige, handlungsorientierte Inhalte, die mit ausgew\u00e4hlten ExpertInnen und PartnerInnen&#8230;<\/p>\n","protected":false},"author":3,"featured_media":0,"parent":0,"menu_order":0,"comment_status":"closed","ping_status":"closed","template":"","meta":{"footnotes":""},"class_list":["post-5144","page","type-page","status-publish","hentry"],"_links":{"self":[{"href":"https:\/\/childrights-mooc.ch\/de\/wp-json\/wp\/v2\/pages\/5144","targetHints":{"allow":["GET"]}}],"collection":[{"href":"https:\/\/childrights-mooc.ch\/de\/wp-json\/wp\/v2\/pages"}],"about":[{"href":"https:\/\/childrights-mooc.ch\/de\/wp-json\/wp\/v2\/types\/page"}],"author":[{"embeddable":true,"href":"https:\/\/childrights-mooc.ch\/de\/wp-json\/wp\/v2\/users\/3"}],"replies":[{"embeddable":true,"href":"https:\/\/childrights-mooc.ch\/de\/wp-json\/wp\/v2\/comments?post=5144"}],"version-history":[{"count":6,"href":"https:\/\/childrights-mooc.ch\/de\/wp-json\/wp\/v2\/pages\/5144\/revisions"}],"predecessor-version":[{"id":6056,"href":"https:\/\/childrights-mooc.ch\/de\/wp-json\/wp\/v2\/pages\/5144\/revisions\/6056"}],"wp:attachment":[{"href":"https:\/\/childrights-mooc.ch\/de\/wp-json\/wp\/v2\/media?parent=5144"}],"curies":[{"name":"wp","href":"https:\/\/api.w.org\/{rel}","templated":true}]}}