{"id":5146,"date":"2024-10-15T18:46:06","date_gmt":"2024-10-15T18:46:06","guid":{"rendered":"https:\/\/childrights-mooc.ch\/les-modalites\/"},"modified":"2026-01-21T09:00:56","modified_gmt":"2026-01-21T09:00:56","slug":"modalitaeten","status":"publish","type":"page","link":"https:\/\/childrights-mooc.ch\/de\/modalitaeten\/","title":{"rendered":"Modalit\u00e4ten"},"content":{"rendered":"<p>[vc_row full_width=&#8220;stretch_row&#8220; css=&#8220;.vc_custom_1729625066935{background-color: #f8eed5 !important;}&#8220;][vc_column][vc_empty_space][vc_column_text]Die einzelnen Module sind kostenlos. Wenn Sie ein Teilnahmezertifikat erhalten m\u00f6chten, kostet es eine geringe Geb\u00fchr. Sie k\u00f6nnen die Module in Ihrem eigenen Tempo absolvieren. Die gesch\u00e4tzte Zeit f\u00fcr die Bearbeitung eines Moduls betr\u00e4gt etwa 4 Stunden.<\/p>\n<p>Dieser Kurs wurde f\u00fcr alle Niveaus und mit einem p\u00e4dagogischen Ansatz des autonomen Lernens konzipiert.<\/p>\n<p>Jedes Modul bietet von Fachkr\u00e4ften moderierte Videosequenzen, die das Schl\u00fcsselwissen zum jeweiligen Thema vermitteln, aber auch Beispiele guter Praxis aus der Schweiz und dem Ausland sowie die wichtigsten Unterlagen, die man kennen sollte.<\/p>\n<p>Der MOOC besteht aus 6 Modulen, die jeweils in Sequenzen unterteilt sind, welche wiederum in Einheiten gegliedert sind. In jeder Phase \u00fcberpr\u00fcfen die Lernenden ihren Lernfortschritt anhand eines Quiz.[\/vc_column_text][vc_empty_space][\/vc_column][\/vc_row]<\/p>\n","protected":false},"excerpt":{"rendered":"<p>[vc_row full_width=&#8220;stretch_row&#8220; css=&#8220;.vc_custom_1729625066935{background-color: #f8eed5 !important;}&#8220;][vc_column][vc_empty_space][vc_column_text]Die einzelnen Module sind kostenlos. Wenn Sie ein Teilnahmezertifikat erhalten m\u00f6chten, kostet es eine geringe Geb\u00fchr. Sie k\u00f6nnen die Module in Ihrem eigenen Tempo absolvieren. Die gesch\u00e4tzte Zeit f\u00fcr die Bearbeitung eines Moduls betr\u00e4gt etwa 4&#8230;<\/p>\n","protected":false},"author":3,"featured_media":0,"parent":0,"menu_order":0,"comment_status":"closed","ping_status":"closed","template":"","meta":{"footnotes":""},"class_list":["post-5146","page","type-page","status-publish","hentry"],"_links":{"self":[{"href":"https:\/\/childrights-mooc.ch\/de\/wp-json\/wp\/v2\/pages\/5146","targetHints":{"allow":["GET"]}}],"collection":[{"href":"https:\/\/childrights-mooc.ch\/de\/wp-json\/wp\/v2\/pages"}],"about":[{"href":"https:\/\/childrights-mooc.ch\/de\/wp-json\/wp\/v2\/types\/page"}],"author":[{"embeddable":true,"href":"https:\/\/childrights-mooc.ch\/de\/wp-json\/wp\/v2\/users\/3"}],"replies":[{"embeddable":true,"href":"https:\/\/childrights-mooc.ch\/de\/wp-json\/wp\/v2\/comments?post=5146"}],"version-history":[{"count":5,"href":"https:\/\/childrights-mooc.ch\/de\/wp-json\/wp\/v2\/pages\/5146\/revisions"}],"predecessor-version":[{"id":5996,"href":"https:\/\/childrights-mooc.ch\/de\/wp-json\/wp\/v2\/pages\/5146\/revisions\/5996"}],"wp:attachment":[{"href":"https:\/\/childrights-mooc.ch\/de\/wp-json\/wp\/v2\/media?parent=5146"}],"curies":[{"name":"wp","href":"https:\/\/api.w.org\/{rel}","templated":true}]}}