{"id":5148,"date":"2024-10-15T20:56:08","date_gmt":"2024-10-15T20:56:08","guid":{"rendered":"https:\/\/childrights-mooc.ch\/les-partenaires\/"},"modified":"2024-12-18T11:01:54","modified_gmt":"2024-12-18T11:01:54","slug":"partner","status":"publish","type":"page","link":"https:\/\/childrights-mooc.ch\/de\/partner\/","title":{"rendered":"Partner"},"content":{"rendered":"<p>[vc_row full_width=&#8220;stretch_row_content_no_spaces&#8220; css=&#8220;.vc_custom_1729436103709{background-color: #f8eed5 !important;}&#8220;][vc_column width=&#8220;1\/6&#8243;][\/vc_column][vc_column width=&#8220;2\/3&#8243;][vc_column_text]<\/p>\n<h2 style=\"text-align: center;\">Unter der Schirmherrschaft von:<\/h2>\n<p style=\"text-align: center;\"><strong><br \/>\nPhilip D. Jaff\u00e9, Mitglied von des UN-Kinderrechtsausschusses und<br \/>\nJean Zermatten, ehemaliger Vorsitzender des UN-Kinderrechtsausschusses\u00a0<\/strong><\/p>\n<p>F\u00fcr Philip D. Jaff\u00e9 und Jean Zermatten war die Idee eines childrights-mooc.ch eine Selbstverst\u00e4ndlichkeit. Ja, es sind die Staaten, die das \u00dcbereinkommen der Vereinten Nationen \u00fcber die Rechte des Kindes (1989) ratifiziert haben, und sie haben die feierliche Verantwortung, daf\u00fcr zu sorgen, dass es in ihrem Hoheitsgebiet zum Nutzen jedes Kindes, das sich dort aufh\u00e4lt, umgesetzt wird. Aber die Zivilgesellschaft und die akademische Welt sind in einer so strahlenden Demokratie wie der Schweiz unverzichtbare erg\u00e4nzende Treibriemen, auf die man sich st\u00fctzen muss, um sicherzustellen, dass die Kinderrechte geachtet, gesch\u00fctzt und verwirklicht werden.<br \/>\nIhre gemeinsame Botschaft: &#8222;Wie sch\u00f6n, dass sich die helvetische Zivilgesellschaft und die akademische Welt f\u00fcr dieses innovative Projekt engagieren, das den Reichtum aller sprachlichen und kulturellen Nuancen des Landes einbezieht! Der <a href=\"http:\/\/childrights-mooc.ch\">childrights-mooc.ch<\/a> richtet sich an alle Fachkr\u00e4fte, die mit und f\u00fcr Kinder arbeiten, aber das Sahneh\u00e4ubchen ist, dass es die Kinder sind, die davon profitieren&#8220;.<br \/>\nDer <a href=\"http:\/\/childrights-mooc.ch\">childrights-mooc.ch<\/a> wird vom Internationalen Institut f\u00fcr Kinderrechte (IDE) angeboten und unterst\u00fctzt, das in der Schweiz eine Pionierrolle im Bereich der Sensibilisierung und Ausbildung zu den Kinderrechten einnimmt. Terre des Hommes Lausanne hat als f\u00fchrende Organisation im Bereich des Kinderschutzes die Entwicklung von <a href=\"http:\/\/childrights-mooc.ch\">childrights-mooc.ch<\/a> gemeinsam mit dem IDE geleitet. Das IDE wird auf konzeptioneller Ebene und im Bereich der wissenschaftlichen und p\u00e4dagogischen Qualit\u00e4tssicherung von mehreren Mitgliedern des Centre interfacultaire en droits de l&#8217;enfant (CIDE) der UNIGE unterst\u00fctzt.<\/p>\n<p>Der <a href=\"http:\/\/childrights-mooc.ch\">childrights-mooc.ch<\/a> st\u00fctzt sich auf eine enge Zusammenarbeit mit f\u00fchrenden akademischen und zivilgesellschaftlichen Partnern in der Schweiz.[\/vc_column_text][vc_empty_space height=&#8220;16px&#8220;][\/vc_column][vc_column width=&#8220;1\/6&#8243;][\/vc_column][\/vc_row][vc_row full_width=&#8220;stretch_row_content_no_spaces&#8220; css=&#8220;.vc_custom_1729420292707{background-color: #ffffff !important;}&#8220;][vc_column][vc_column_text]<\/p>\n<h2 style=\"text-align: center;\">Hauptpartner<\/h2>\n<p>[\/vc_column_text][\/vc_column][\/vc_row][vc_row full_width=&#8220;stretch_row_content_no_spaces&#8220; css=&#8220;.vc_custom_1729420318861{background-color: #ffffff !important;}&#8220;][vc_column width=&#8220;1\/3&#8243;][\/vc_column][vc_column width=&#8220;1\/3&#8243;]<div class=\"gt-event-sponsors gt-type-1 gt-style-2\"><div class=\"gt-columns gt-column-space-10 gt-column-3\"><div class=\"gt-col\"><div class=\"gt-inner\"><div class=\"gt-logo\"><a href=\"https:\/\/www.childsrights.org\/\" target=\"_parent\"><img data-src=\"https:\/\/childrights-mooc.ch\/wp-content\/uploads\/2024\/10\/Logo_IDE_DE-250x220.png\" class=\"gt-grayscale-false gt-lazy-load\" alt=\"\"><\/a><\/div><\/div><\/div><div class=\"gt-col\"><div class=\"gt-inner\"><div class=\"gt-logo\"><a href=\"https:\/\/www.tdh.org\/fr\" target=\"_parent\"><img data-src=\"https:\/\/childrights-mooc.ch\/wp-content\/uploads\/2024\/10\/white-Logo_Tdh_german_CMYK_C-1-250x220.png\" class=\"gt-grayscale-false gt-lazy-load\" alt=\"\"><\/a><\/div><\/div><\/div><div class=\"gt-col\"><div class=\"gt-inner\"><div class=\"gt-logo\"><a href=\"https:\/\/www.unige.ch\/\" target=\"_parent\"><img data-src=\"https:\/\/childrights-mooc.ch\/wp-content\/uploads\/2024\/10\/white-Logo-CIDE-250x220.jpg\" class=\"gt-grayscale-false gt-lazy-load\" alt=\"\"><\/a><\/div><\/div><\/div><\/div><\/div>[vc_empty_space][\/vc_column][vc_column width=&#8220;1\/3&#8243;][\/vc_column][\/vc_row][vc_row full_width=&#8220;stretch_row_content_no_spaces&#8220; css=&#8220;.vc_custom_1729420724469{margin-top: -20px !important;background-color: #ffffff !important;}&#8220;][vc_column width=&#8220;1\/12&#8243;][\/vc_column][vc_column width=&#8220;5\/6&#8243;][vc_column_text]<\/p>\n<h2 style=\"text-align: center;\">Partner<\/h2>\n<p>[\/vc_column_text]<div class=\"gt-event-sponsors gt-type-1 gt-style-2\"><div class=\"gt-columns gt-column-space-5 gt-column-10\"><div class=\"gt-col\"><div class=\"gt-inner\"><div class=\"gt-logo\"><a href=\"https:\/\/www.kesb.dij.be.ch\/fr\/start.html\" target=\"_parent\"><img data-src=\"https:\/\/childrights-mooc.ch\/wp-content\/uploads\/2024\/10\/white-logo-be-1-250x220.jpg\" class=\"gt-grayscale-false gt-lazy-load\" alt=\"\"><\/a><\/div><\/div><\/div><div class=\"gt-col\"><div class=\"gt-inner\"><div class=\"gt-logo\"><a href=\"https:\/\/www.amnesty.ch\/de\" target=\"_parent\"><img data-src=\"https:\/\/childrights-mooc.ch\/wp-content\/uploads\/2024\/10\/white-logo_Amnesty-250x220.png\" class=\"gt-grayscale-false gt-lazy-load\" alt=\"\"><\/a><\/div><\/div><\/div><div class=\"gt-col\"><div class=\"gt-inner\"><div class=\"gt-logo\"><a href=\"https:\/\/www.espas.info\/\" target=\"_parent\"><img data-src=\"https:\/\/childrights-mooc.ch\/wp-content\/uploads\/2024\/10\/white-LOGO_ESPAS_baselinedessous-002-250x220.jpg\" class=\"gt-grayscale-false gt-lazy-load\" alt=\"\"><\/a><\/div><\/div><\/div><div class=\"gt-col\"><div class=\"gt-inner\"><div class=\"gt-logo\"><a href=\"https:\/\/agape-ge.org\/institutions\/foyer-salvan\/\" target=\"_parent\"><img data-src=\"https:\/\/childrights-mooc.ch\/wp-content\/uploads\/2024\/10\/white-logo_agape_2-barres.png\" class=\"gt-grayscale-false gt-lazy-load\" alt=\"\"><\/a><\/div><\/div><\/div><div class=\"gt-col\"><div class=\"gt-inner\"><div class=\"gt-logo\"><a href=\"https:\/\/korczak.ch\/de\/\" target=\"_parent\"><img data-src=\"https:\/\/childrights-mooc.ch\/wp-content\/uploads\/2024\/10\/white-Logo_Korczak.jpg\" class=\"gt-grayscale-false gt-lazy-load\" alt=\"\"><\/a><\/div><\/div><\/div><div class=\"gt-col\"><div class=\"gt-inner\"><div class=\"gt-logo\"><a href=\"https:\/\/www.bfh.ch\/travail-social\/de\" target=\"_parent\"><img data-src=\"https:\/\/childrights-mooc.ch\/wp-content\/uploads\/2024\/10\/white-Logo_BFH-250x220.jpg\" class=\"gt-grayscale-false gt-lazy-load\" alt=\"\"><\/a><\/div><\/div><\/div><div class=\"gt-col\"><div class=\"gt-inner\"><div class=\"gt-logo\"><a href=\"https:\/\/www.fr.ch\/etat-et-droit\/justice\/mediation-judiciaire\" target=\"_parent\"><img data-src=\"https:\/\/childrights-mooc.ch\/wp-content\/uploads\/2024\/10\/logo-fribourg-250x220.jpg\" class=\"gt-grayscale-false gt-lazy-load\" alt=\"\"><\/a><\/div><\/div><\/div><div class=\"gt-col\"><div class=\"gt-inner\"><div class=\"gt-logo\"><a href=\"https:\/\/www.chuv.ch\/fr\/dfme\/dfme-home\/enfants-famille\/specialites-medicales\/maltraitance-can-team\" target=\"_parent\"><img data-src=\"https:\/\/childrights-mooc.ch\/wp-content\/uploads\/2024\/10\/logo-can-team-250x220.jpg\" class=\"gt-grayscale-false gt-lazy-load\" alt=\"\"><\/a><\/div><\/div><\/div><div class=\"gt-col\"><div class=\"gt-inner\"><div class=\"gt-logo\"><a href=\"https:\/\/www.child-identity.org\/fr\/\" target=\"_parent\"><img data-src=\"https:\/\/childrights-mooc.ch\/wp-content\/uploads\/2024\/10\/white-logo_web-250x220.png\" class=\"gt-grayscale-false gt-lazy-load\" alt=\"\"><\/a><\/div><\/div><\/div><div class=\"gt-col\"><div class=\"gt-inner\"><div class=\"gt-logo\"><a href=\"https:\/\/qualitaet-kindesschutz.ch\/\" target=\"_parent\"><img data-src=\"https:\/\/childrights-mooc.ch\/wp-content\/uploads\/2024\/10\/white-Untitled-250x220.png\" class=\"gt-grayscale-false gt-lazy-load\" alt=\"\"><\/a><\/div><\/div><\/div><div class=\"gt-col\"><div class=\"gt-inner\"><div class=\"gt-logo\"><a href=\"https:\/\/www.asylex.ch\/?lang=de\" target=\"_parent\"><img data-src=\"https:\/\/childrights-mooc.ch\/wp-content\/uploads\/2024\/10\/white-Logo_asylex_global-250x220.jpg\" class=\"gt-grayscale-false gt-lazy-load\" alt=\"\"><\/a><\/div><\/div><\/div><div class=\"gt-col\"><div class=\"gt-inner\"><div class=\"gt-logo\"><a href=\"https:\/\/endoxaneuro.com\/\" target=\"_parent\"><img data-src=\"https:\/\/childrights-mooc.ch\/wp-content\/uploads\/2024\/10\/white-white-admin-ajax-250x220.png\" class=\"gt-grayscale-false gt-lazy-load\" alt=\"\"><\/a><\/div><\/div><\/div><div class=\"gt-col\"><div class=\"gt-inner\"><div class=\"gt-logo\"><a href=\"https:\/\/www.hebamme.ch\/\" target=\"_parent\"><img data-src=\"https:\/\/childrights-mooc.ch\/wp-content\/uploads\/2024\/10\/white-logo-250x220.png\" class=\"gt-grayscale-false gt-lazy-load\" alt=\"\"><\/a><\/div><\/div><\/div><div class=\"gt-col\"><div class=\"gt-inner\"><div class=\"gt-logo\"><a href=\"https:\/\/www.amilcare.ch\/it\/\" target=\"_parent\"><img data-src=\"https:\/\/childrights-mooc.ch\/wp-content\/uploads\/2024\/10\/white-white-admin-ajax-250x220.jpg\" class=\"gt-grayscale-false gt-lazy-load\" alt=\"\"><\/a><\/div><\/div><\/div><div class=\"gt-col\"><div class=\"gt-inner\"><div class=\"gt-logo\"><a href=\"https:\/\/www2.aspi.ch\/\" target=\"_parent\"><img data-src=\"https:\/\/childrights-mooc.ch\/wp-content\/uploads\/2024\/10\/white-logo-2.png\" class=\"gt-grayscale-false gt-lazy-load\" alt=\"\"><\/a><\/div><\/div><\/div><div class=\"gt-col\"><div class=\"gt-inner\"><div class=\"gt-logo\"><a href=\"https:\/\/www.hevs.ch\/fr\/hautes-ecoles\/haute-ecole-de-travail-social\/travail-social\/\" target=\"_parent\"><img data-src=\"https:\/\/childrights-mooc.ch\/wp-content\/uploads\/2024\/10\/white-FR-DE_HESTS-250x220.png\" class=\"gt-grayscale-false gt-lazy-load\" alt=\"\"><\/a><\/div><\/div><\/div><div class=\"gt-col\"><div class=\"gt-inner\"><div class=\"gt-logo\"><img data-src=\"https:\/\/childrights-mooc.ch\/wp-content\/uploads\/2024\/10\/white-HSLU_Logo_DE_Schwarz_rgb-002-250x220.png\" class=\"gt-grayscale-false gt-lazy-load\" alt=\"\"><\/div><\/div><\/div><div class=\"gt-col\"><div class=\"gt-inner\"><div class=\"gt-logo\"><a href=\"https:\/\/hzhagendorn.ch\/\" target=\"_parent\"><img data-src=\"https:\/\/childrights-mooc.ch\/wp-content\/uploads\/2024\/10\/white-Logo_hpz_hagendorn.png\" class=\"gt-grayscale-false gt-lazy-load\" alt=\"\"><\/a><\/div><\/div><\/div><div class=\"gt-col\"><div class=\"gt-inner\"><div class=\"gt-logo\"><a href=\"https:\/\/www.ideesport.ch\/\" target=\"_parent\"><img data-src=\"https:\/\/childrights-mooc.ch\/wp-content\/uploads\/2024\/10\/white-FR_Logo_25_Jahre_CYAN_FR-scaled-v2-250x220.png\" class=\"gt-grayscale-false gt-lazy-load\" alt=\"\"><\/a><\/div><\/div><\/div><div class=\"gt-col\"><div class=\"gt-inner\"><div class=\"gt-logo\"><a href=\"https:\/\/www.zhaw.ch\/de\/sozialearbeit\/institute-und-zentrum\/ikjf\/\" target=\"_parent\"><img data-src=\"https:\/\/childrights-mooc.ch\/wp-content\/uploads\/2024\/10\/white-Logo_ZHAW-250x220.jpg\" class=\"gt-grayscale-false gt-lazy-load\" alt=\"\"><\/a><\/div><\/div><\/div><div class=\"gt-col\"><div class=\"gt-inner\"><div class=\"gt-logo\"><a href=\"https:\/\/www.integras.ch\/de\/\" target=\"_parent\"><img data-src=\"https:\/\/childrights-mooc.ch\/wp-content\/uploads\/2024\/10\/white-Integras-Web-Logo-RGB-250x220.jpg\" class=\"gt-grayscale-false gt-lazy-load\" alt=\"\"><\/a><\/div><\/div><\/div><div class=\"gt-col\"><div class=\"gt-inner\"><div class=\"gt-logo\"><a href=\"https:\/\/www.bs.ch\/wsu\/kindes-und-erwachsenenschutzbehoerde\" target=\"_parent\"><img data-src=\"https:\/\/childrights-mooc.ch\/wp-content\/uploads\/2024\/10\/logo-basel-stadt-250x220.jpg\" class=\"gt-grayscale-false gt-lazy-load\" alt=\"\"><\/a><\/div><\/div><\/div><div class=\"gt-col\"><div class=\"gt-inner\"><div class=\"gt-logo\"><a href=\"https:\/\/www.kibesuisse.ch\/\" target=\"_parent\"><img data-src=\"https:\/\/childrights-mooc.ch\/wp-content\/uploads\/2024\/10\/white-Logo_kibesuisse100_LogoBezeichnung_rechts_RGB-002-250x220.jpg\" class=\"gt-grayscale-false gt-lazy-load\" alt=\"\"><\/a><\/div><\/div><\/div><div class=\"gt-col\"><div class=\"gt-inner\"><div class=\"gt-logo\"><a href=\"https:\/\/www.kinderanwaltschaft.ch\/de\" target=\"_parent\"><img data-src=\"https:\/\/childrights-mooc.ch\/wp-content\/uploads\/2024\/10\/white-Logo-Kinderanwaltschaft-250x220.png\" class=\"gt-grayscale-false gt-lazy-load\" alt=\"\"><\/a><\/div><\/div><\/div><div class=\"gt-col\"><div class=\"gt-inner\"><div class=\"gt-logo\"><a href=\"https:\/\/www.projuventute.ch\/de\" target=\"_parent\"><img data-src=\"https:\/\/childrights-mooc.ch\/wp-content\/uploads\/2024\/10\/white-white-Logo_Pro-Juventute_Sti_ge_CMYK-NEW-250x220.jpg\" class=\"gt-grayscale-false gt-lazy-load\" alt=\"\"><\/a><\/div><\/div><\/div><div class=\"gt-col\"><div class=\"gt-inner\"><div class=\"gt-logo\"><a href=\"https:\/\/www.kinderschutz.ch\/\" target=\"_parent\"><img data-src=\"https:\/\/childrights-mooc.ch\/wp-content\/uploads\/2024\/11\/transparent-Kinderschutz_Schweiz_Logo_Schwarz_Rot_RGB_x41-002-250x220.png\" class=\"gt-grayscale-false gt-lazy-load\" alt=\"\"><\/a><\/div><\/div><\/div><div class=\"gt-col\"><div class=\"gt-inner\"><div class=\"gt-logo\"><a href=\"https:\/\/www.netzwerk-kinderrechte.ch\/aktuell\/\" target=\"_parent\"><img data-src=\"https:\/\/childrights-mooc.ch\/wp-content\/uploads\/2024\/10\/white-netzwerk_kinderrechte_logo-250x220.png\" class=\"gt-grayscale-false gt-lazy-load\" alt=\"\"><\/a><\/div><\/div><\/div><div class=\"gt-col\"><div class=\"gt-inner\"><div class=\"gt-logo\"><a href=\"http:\/\/www.careleaver.ch\" target=\"_parent\"><img data-src=\"https:\/\/childrights-mooc.ch\/wp-content\/uploads\/2024\/11\/white-careleaver_schweiz-transparent-2-250x220.png\" class=\"gt-grayscale-false gt-lazy-load\" alt=\"\"><\/a><\/div><\/div><\/div><div class=\"gt-col\"><div class=\"gt-inner\"><div class=\"gt-logo\"><a href=\"https:\/\/www.ssi-suisse.org\/de\" target=\"_parent\"><img data-src=\"https:\/\/childrights-mooc.ch\/wp-content\/uploads\/2024\/10\/white-Untitled-1.png\" class=\"gt-grayscale-false gt-lazy-load\" alt=\"\"><\/a><\/div><\/div><\/div><div class=\"gt-col\"><div class=\"gt-inner\"><div class=\"gt-logo\"><a href=\"https:\/\/www.paediatrieschweiz.ch\/?lang=de\" target=\"_parent\"><img data-src=\"https:\/\/childrights-mooc.ch\/wp-content\/uploads\/2024\/10\/white-logo_fr.jpg\" class=\"gt-grayscale-false gt-lazy-load\" alt=\"\"><\/a><\/div><\/div><\/div><div class=\"gt-col\"><div class=\"gt-inner\"><div class=\"gt-logo\"><a href=\"https:\/\/www.supsi.ch\/fr\/panoramica-supsi\" target=\"_parent\"><img data-src=\"https:\/\/childrights-mooc.ch\/wp-content\/uploads\/2024\/10\/white-Logo_SUPSI_60mm_ITALIANO-250x220.jpg\" class=\"gt-grayscale-false gt-lazy-load\" alt=\"\"><\/a><\/div><\/div><\/div><div class=\"gt-col\"><div class=\"gt-inner\"><div class=\"gt-logo\"><a href=\"https:\/\/terredeshommessuisse.ch\/\" target=\"_parent\"><img data-src=\"https:\/\/childrights-mooc.ch\/wp-content\/uploads\/2024\/11\/transparent-tdh-logo-rouge-sans-fond-250x220.png\" class=\"gt-grayscale-false gt-lazy-load\" alt=\"\"><\/a><\/div><\/div><\/div><div class=\"gt-col\"><div class=\"gt-inner\"><div class=\"gt-logo\"><a href=\"https:\/\/www.tipiti.ch\/lassociation-tipiti.html\" target=\"_parent\"><img data-src=\"https:\/\/childrights-mooc.ch\/wp-content\/uploads\/2024\/10\/white-tipiti-logo-anim-250x220.jpg\" class=\"gt-grayscale-false gt-lazy-load\" alt=\"\"><\/a><\/div><\/div><\/div><div class=\"gt-col\"><div class=\"gt-inner\"><div class=\"gt-logo\"><a href=\"https:\/\/www.unicef.ch\/de\" target=\"_parent\"><img data-src=\"https:\/\/childrights-mooc.ch\/wp-content\/uploads\/2024\/10\/white-UNICEF_Logo_Sign_RGB_FR_Container_Short-250x220.png\" class=\"gt-grayscale-false gt-lazy-load\" alt=\"\"><\/a><\/div><\/div><\/div><div class=\"gt-col\"><div class=\"gt-inner\"><div class=\"gt-logo\"><a href=\"https:\/\/www.unifr.ch\/iff\/de\/\" target=\"_parent\"><img data-src=\"https:\/\/childrights-mooc.ch\/wp-content\/uploads\/2024\/10\/white-logo-1-250x220.png\" class=\"gt-grayscale-false gt-lazy-load\" alt=\"\"><\/a><\/div><\/div><\/div><div class=\"gt-col\"><div class=\"gt-inner\"><div class=\"gt-logo\"><a href=\"https:\/\/www.fhnw.ch\/de\/die-fhnw\/hochschulen\/soziale-arbeit\" target=\"_parent\"><img data-src=\"https:\/\/childrights-mooc.ch\/wp-content\/uploads\/2024\/11\/transparent-Logo_FHNW_HSA_DE-250x220.png\" class=\"gt-grayscale-false gt-lazy-load\" alt=\"\"><\/a><\/div><\/div><\/div><div class=\"gt-col\"><div class=\"gt-inner\"><div class=\"gt-logo\"><a href=\"https:\/\/www.fhnw.ch\/de\/\" target=\"_parent\"><img data-src=\"https:\/\/childrights-mooc.ch\/wp-content\/uploads\/2024\/11\/transparent-Logo_FHNW_PH_DE-250x220.png\" class=\"gt-grayscale-false gt-lazy-load\" alt=\"\"><\/a><\/div><\/div><\/div><div class=\"gt-col\"><div class=\"gt-inner\"><div class=\"gt-logo\"><a href=\"https:\/\/begleitbuero.ch\/\" target=\"_parent\"><img data-src=\"https:\/\/childrights-mooc.ch\/wp-content\/uploads\/2024\/12\/white-begleitburo_2-2-250x220.png\" class=\"gt-grayscale-false gt-lazy-load\" alt=\"\"><\/a><\/div><\/div><\/div><div class=\"gt-col\"><div class=\"gt-inner\"><div class=\"gt-logo\"><a href=\"https:\/\/www.familien-support.ch\/\" target=\"_parent\"><img data-src=\"https:\/\/childrights-mooc.ch\/wp-content\/uploads\/2024\/12\/white-Logo-SUP-farbig-gross-250x220.png\" class=\"gt-grayscale-false gt-lazy-load\" alt=\"\"><\/a><\/div><\/div><\/div><div class=\"gt-col\"><div class=\"gt-inner\"><div class=\"gt-logo\"><a href=\"https:\/\/pa-ch.ch\/\" target=\"_parent\"><img data-src=\"https:\/\/childrights-mooc.ch\/wp-content\/uploads\/2024\/12\/white-PACH_logo-237x220.png\" class=\"gt-grayscale-false gt-lazy-load\" alt=\"\"><\/a><\/div><\/div><\/div><\/div><\/div>[vc_empty_space height=&#8220;64px&#8220;][\/vc_column][vc_column width=&#8220;1\/12&#8243;][\/vc_column][\/vc_row]<\/p>\n","protected":false},"excerpt":{"rendered":"<p>[vc_row full_width=&#8220;stretch_row_content_no_spaces&#8220; css=&#8220;.vc_custom_1729436103709{background-color: #f8eed5 !important;}&#8220;][vc_column width=&#8220;1\/6&#8243;][\/vc_column][vc_column width=&#8220;2\/3&#8243;][vc_column_text] Unter der Schirmherrschaft von: Philip D. Jaff\u00e9, Mitglied von des UN-Kinderrechtsausschusses und Jean Zermatten, ehemaliger Vorsitzender des UN-Kinderrechtsausschusses\u00a0 F\u00fcr Philip D. Jaff\u00e9 und Jean Zermatten war die Idee eines childrights-mooc.ch eine Selbstverst\u00e4ndlichkeit. Ja,&#8230;<\/p>\n","protected":false},"author":3,"featured_media":0,"parent":0,"menu_order":0,"comment_status":"closed","ping_status":"closed","template":"","meta":{"footnotes":""},"class_list":["post-5148","page","type-page","status-publish","hentry"],"_links":{"self":[{"href":"https:\/\/childrights-mooc.ch\/de\/wp-json\/wp\/v2\/pages\/5148","targetHints":{"allow":["GET"]}}],"collection":[{"href":"https:\/\/childrights-mooc.ch\/de\/wp-json\/wp\/v2\/pages"}],"about":[{"href":"https:\/\/childrights-mooc.ch\/de\/wp-json\/wp\/v2\/types\/page"}],"author":[{"embeddable":true,"href":"https:\/\/childrights-mooc.ch\/de\/wp-json\/wp\/v2\/users\/3"}],"replies":[{"embeddable":true,"href":"https:\/\/childrights-mooc.ch\/de\/wp-json\/wp\/v2\/comments?post=5148"}],"version-history":[{"count":15,"href":"https:\/\/childrights-mooc.ch\/de\/wp-json\/wp\/v2\/pages\/5148\/revisions"}],"predecessor-version":[{"id":5751,"href":"https:\/\/childrights-mooc.ch\/de\/wp-json\/wp\/v2\/pages\/5148\/revisions\/5751"}],"wp:attachment":[{"href":"https:\/\/childrights-mooc.ch\/de\/wp-json\/wp\/v2\/media?parent=5148"}],"curies":[{"name":"wp","href":"https:\/\/api.w.org\/{rel}","templated":true}]}}