{"id":5150,"date":"2024-10-16T11:56:08","date_gmt":"2024-10-16T11:56:08","guid":{"rendered":"https:\/\/childrights-mooc.ch\/module-2\/"},"modified":"2026-05-06T13:19:52","modified_gmt":"2026-05-06T13:19:52","slug":"modul-2","status":"publish","type":"page","link":"https:\/\/childrights-mooc.ch\/de\/modul-2\/","title":{"rendered":"Modul 2"},"content":{"rendered":"<p>[vc_row full_width=&#8220;stretch_row&#8220; css=&#8220;.vc_custom_1729625066935{background-color: #f8eed5 !important;}&#8220;][vc_column][vc_video link=&#8220;https:\/\/www.youtube.com\/watch?v=DjlNl41UVcg&#8220; el_width=&#8220;60&#8243; align=&#8220;center&#8220;][vc_column_text]<em>F\u00fcr deutsche Untertitel klicken Sie auf \u201eYouTube\u201c, dann auf <img loading=\"lazy\" decoding=\"async\" class=\"alignnone size-full wp-image-6172\" src=\"https:\/\/childrights-mooc.ch\/wp-content\/uploads\/2026\/04\/Capture-decran-2026-04-14-120143.png\" alt=\"\" width=\"22\" height=\"24\" \/> und anschliessend auf <img loading=\"lazy\" decoding=\"async\" class=\"alignnone size-full wp-image-6157\" src=\"https:\/\/childrights-mooc.ch\/wp-content\/uploads\/2026\/04\/Capture-decran-2026-04-14-113833.png\" alt=\"\" width=\"31\" height=\"31\" \/> und \u201eCaptions \u2013 German\u201c<\/em>[\/vc_column_text][vc_empty_space][vc_column_text]Hallo und herzlich willkommen zur zweiten Woche dieses Kurses, der sich mit dem Thema Kindesschutz befasst.<\/p>\n<p>Ich hoffe, Sie fanden den Inhalt der ersten Woche interessant und konnten sich wertvolles Wissen aneignen. Diese Woche bauen wir auf dem auf, was Sie bereits gelernt haben, indem wir uns mit dem Thema Kindesschutz und Pr\u00e4vention von Gewalt gegen Kinder befassen. Ob Sie im sozialen Sektor, im Bereich Kinder- und Jugendschutz, in einer Beh\u00f6rde, einer Schule, einer Institution oder einer anderen Organisation, die mit dem Schutz von Kindern zu tun hat, arbeiten, ich bin sicher, dass die in dieser Woche behandelten Themen f\u00fcr Ihre Arbeit n\u00fctzlich sein werden.<\/p>\n<p>Zu Beginn dieser Woche werden wir uns eingehend mit den verschiedenen Formen von Gewalt befassen, denen Kinder ausgesetzt sein k\u00f6nnen, sowie mit der Frage, wie man sie erkennen und angemessen darauf reagieren kann. Wir werden uns eingehen mit der Fr\u00fcherkennung und dem fr\u00fchzeitigen Eingreifen in F\u00e4llen von Kindeswohlgef\u00e4hrdung befassen und uns auch mit dem Kindesschutzsystem befassen, das auf zivil- und strafrechtlichen Massnahmen beruht, um Kindern einen angemessenen Schutz zu erm\u00f6glichen.<\/p>\n<p>Im zweiten Teil dieser Woche konzentrieren wir uns auf die Pr\u00e4vention von Missbrauch. Wir werden uns mit der Pr\u00e4vention von Gewalt gegen Kinder sowie mit der Erkennung und dem Verst\u00e4ndnis von sexuellem Missbrauch von Kindern befassen. Besondere Aufmerksamkeit widmen wir dem Schutz vor sexuellem Missbrauch im Internet, wie z. B. Cyber Grooming oder Erpressung einer Person mit Fotos oder Videos. Wir werden auch die Massnahmen betrachten, die Organisationen und Institutionen ergreifen k\u00f6nnen, um Kinder in ihrem Umfeld besser zu sch\u00fctzen.<\/p>\n<p>Zum Abschluss der Woche werden wir uns mit dem System des Kindesschutzes und der Kinder- und Jugendhilfe in der Schweiz befassen, insbesondere mit dem Auftrag und der Struktur der Kindesschutzbeh\u00f6rden. Wir werden auch die Transdisziplin\u00e4ren Qualit\u00e4tsstandards f\u00fcr den Kindesschutz vorstellen und die Bearbeitung eines Kindesschutzfalls untersuchen, der die Bedeutung einer guten Zusammenarbeit zwischen Fachkr\u00e4ften aus dem Rechts- und Sozialbereich unterstreicht.<\/p>\n<p>Bei der Ausarbeitung dieses Kurses haben wir\u00a0 Kinder und Jugendlichen gebeten, uns ihre Erfahrungen und W\u00fcnschen mitzuteilen. Wir hoffen, dass ihre Aussagen Ihnen helfen werden, ihnen mehr Geh\u00f6r zu verschaffen und sie st\u00e4rker in Entscheidungsprozesse einzubeziehen. Viel Erfolg in dieser Woche!<\/p>\n<p>&nbsp;<\/p>\n<p><b><span data-olk-copy-source=\"MessageBody\">Philip D. Jaff\u00e9<\/span><\/b><\/p>\n<p><b><\/b><b>Mitglied des UN-Ausschusses f\u00fcr die Rechte des Kindes<\/b><\/p>\n<p><strong>Hauptdozent f\u00fcr childrights-mooc.ch<\/strong><\/p>\n<p>&nbsp;<\/p>\n<p><em>Dieses Modul wurde unter Mitwirkung folgender Expert*innen entwickelt:<\/em><\/p>\n<p><em>Ursula Schnyder-Etter &amp; Monique Brunner (Kinderschutz Schweiz); Mirjam Gerber (Expertin, Kanton Bern); Stefania Br\u00e4ndli &amp; Mara Menghetti (Fondazione ASPI); Najaat Maala M\u2019jid (United Nations Special Representative of the Secretary-General on Violence against Children); Sabine Rakotomalala (Senior Technical Advisor at World Health Organization); Marco Tuberoso (Fondation ESPAS); Ingrid Broger (Pro Juventute); Alice Gentile; Elena Pedrazzini (Stiftung Id\u00e9eSport); Patrick Fassbind, President (KESB \/ APEA B\u00e2le-Ville); Ga\u00eblle Aeby &amp; Aline Schoch (HES-SO Valais-Wallis \/ FHNW); Nicole Hinder (UNICEF Schweiz); Ursula Leuthold (Hochschule Luzern \/ CIQUE); Jessica Depr\u00e9 (Rechtsanw\u00e4ltin).<\/em>[\/vc_column_text][vc_row_inner][vc_column_inner width=&#8220;1\/2&#8243;]<div class=\"gt-button gt-style-1 gt-align-left gt-inline-false gt-margin-false\"><a href=\"https:\/\/childrights-mooc.ch\/wp-content\/uploads\/2025\/03\/Module-2-GR_10.03.2025.pdf\" target=\"_blank\"><span>Modulplan<\/span><\/a><\/div>[\/vc_column_inner][vc_column_inner width=&#8220;1\/2&#8243;]<div class=\"gt-button gt-style-1 gt-align-right gt-inline-false gt-margin-false\"><a href=\"https:\/\/www.openlearnity.org\/courses\/MOOCCH_DE\/\" target=\"_blank\"><span>Jetzt anmelden<\/span><\/a><\/div>[\/vc_column_inner][\/vc_row_inner][vc_empty_space height=&#8220;64px&#8220;][\/vc_column][\/vc_row]<\/p>\n","protected":false},"excerpt":{"rendered":"<p>[vc_row full_width=&#8220;stretch_row&#8220; css=&#8220;.vc_custom_1729625066935{background-color: #f8eed5 !important;}&#8220;][vc_column][vc_video link=&#8220;https:\/\/www.youtube.com\/watch?v=DjlNl41UVcg&#8220; el_width=&#8220;60&#8243; align=&#8220;center&#8220;][vc_column_text]F\u00fcr deutsche Untertitel klicken Sie auf \u201eYouTube\u201c, dann auf und anschliessend auf und \u201eCaptions \u2013 German\u201c[\/vc_column_text][vc_empty_space][vc_column_text]Hallo und herzlich willkommen zur zweiten Woche dieses Kurses, der sich mit dem Thema Kindesschutz befasst. Ich hoffe,&#8230;<\/p>\n","protected":false},"author":3,"featured_media":0,"parent":0,"menu_order":0,"comment_status":"closed","ping_status":"closed","template":"","meta":{"footnotes":""},"class_list":["post-5150","page","type-page","status-publish","hentry"],"_links":{"self":[{"href":"https:\/\/childrights-mooc.ch\/de\/wp-json\/wp\/v2\/pages\/5150","targetHints":{"allow":["GET"]}}],"collection":[{"href":"https:\/\/childrights-mooc.ch\/de\/wp-json\/wp\/v2\/pages"}],"about":[{"href":"https:\/\/childrights-mooc.ch\/de\/wp-json\/wp\/v2\/types\/page"}],"author":[{"embeddable":true,"href":"https:\/\/childrights-mooc.ch\/de\/wp-json\/wp\/v2\/users\/3"}],"replies":[{"embeddable":true,"href":"https:\/\/childrights-mooc.ch\/de\/wp-json\/wp\/v2\/comments?post=5150"}],"version-history":[{"count":19,"href":"https:\/\/childrights-mooc.ch\/de\/wp-json\/wp\/v2\/pages\/5150\/revisions"}],"predecessor-version":[{"id":6224,"href":"https:\/\/childrights-mooc.ch\/de\/wp-json\/wp\/v2\/pages\/5150\/revisions\/6224"}],"wp:attachment":[{"href":"https:\/\/childrights-mooc.ch\/de\/wp-json\/wp\/v2\/media?parent=5150"}],"curies":[{"name":"wp","href":"https:\/\/api.w.org\/{rel}","templated":true}]}}