{"id":5152,"date":"2024-10-16T11:56:41","date_gmt":"2024-10-16T11:56:41","guid":{"rendered":"https:\/\/childrights-mooc.ch\/module-3\/"},"modified":"2026-05-06T13:21:10","modified_gmt":"2026-05-06T13:21:10","slug":"modul-3","status":"publish","type":"page","link":"https:\/\/childrights-mooc.ch\/de\/modul-3\/","title":{"rendered":"Modul 3"},"content":{"rendered":"<p>[vc_row full_width=&#8220;stretch_row&#8220; css=&#8220;.vc_custom_1729625066935{background-color: #f8eed5 !important;}&#8220;][vc_column][vc_video link=&#8220;https:\/\/www.youtube.com\/watch?v=L8cJLLCrsP0&#8243; el_width=&#8220;60&#8243; align=&#8220;center&#8220;][vc_column_text]<em>F\u00fcr deutsche Untertitel klicken Sie auf \u201eYouTube\u201c, dann auf <img loading=\"lazy\" decoding=\"async\" class=\"alignnone size-full wp-image-6172\" src=\"https:\/\/childrights-mooc.ch\/wp-content\/uploads\/2026\/04\/Capture-decran-2026-04-14-120143.png\" alt=\"\" width=\"22\" height=\"24\" \/> und anschliessend auf <img loading=\"lazy\" decoding=\"async\" class=\"alignnone size-full wp-image-6157\" src=\"https:\/\/childrights-mooc.ch\/wp-content\/uploads\/2026\/04\/Capture-decran-2026-04-14-113833.png\" alt=\"\" width=\"31\" height=\"31\" \/> und \u201eCaptions \u2013 German\u201c<\/em>[\/vc_column_text][vc_empty_space][vc_column_text]<span data-contrast=\"auto\">Willkommen zur dritten Woche, die den Kinderrechten und der Gesundheit gewidmet ist.<\/span><span data-ccp-props=\"{&quot;335551550&quot;:6,&quot;335551620&quot;:6}\">\u00a0<\/span><\/p>\n<p><span data-contrast=\"auto\">Diese dritte Woche kn\u00fcpft an die Inhalte der\u00a0vorherigen\u00a0Wochen an, insbesondere an die Einf\u00fchrung in die Kinderrechte und deren Schutz. Wie kann jedem Kind ein gleichberechtigter Zugang zu einer hochwertigen Gesundheitsversorgung und einem seinen besonderen Bed\u00fcrfnissen entsprechenden Gesundheitssystem garantiert werden?<\/span><span data-ccp-props=\"{&quot;335551550&quot;:6,&quot;335551620&quot;:6}\">\u00a0<\/span><\/p>\n<p><span data-contrast=\"auto\">Wir werden zun\u00e4chst wesentliche Themen wie die Pr\u00e4vention in der\u00a0Perinatalperiode, die Unterst\u00fctzung vernachl\u00e4ssigter Kinder und die F\u00f6rderung des Stillens untersuchen. Wir werden uns auch mit der entscheidenden Frage der Partizipation von Kindern an ihrer Gesundheitsversorgung befassen und dabei Instrumente wie die\u00a0Therapeutische\u00a0Patientenschulung\u00a0hervorheben, die ein Schl\u00fcsselelement f\u00fcr eine bessere Einhaltung von Behandlungen ist. Sie werden auch sensiblere Themen wie die Partizipation von Kindern in der Palliative Care sowie \u201eleichtere\u201d, aber ebenso wichtige Fragen wie Impfungen behandeln.<\/span><span data-ccp-props=\"{&quot;335551550&quot;:6,&quot;335551620&quot;:6}\">\u00a0<\/span><\/p>\n<p><span data-contrast=\"auto\">In einem\u00a0zweiten Teil werden wir uns mit Fragen der psychischen Gesundheit befassen und dabei die Suizidpr\u00e4vention bei Jugendlichen sowie die Auswirkungen h\u00e4uslicher Gewalt untersuchen. Die Auswirkungen des Klimawandels auf die k\u00f6rperliche und psychische Gesundheit von Kindern werden ebenso im Mittelpunkt unserer Diskussionen stehen, wie die Frage des Zugangs zu\u00a0medizinischer Versorgung f\u00fcr Kinder aus benachteiligten Familien, wobei wir einen historischen Blick auf die sogenannten \u201eSchrankkinder\u201d werfen werden. Seien Sie also bereit, diese Fragen mit Experten zu er\u00f6rtern, die ihre Perspektiven und ihr Wissen mit Ihnen teilen.<\/span><span data-ccp-props=\"{&quot;335551550&quot;:6,&quot;335551620&quot;:6}\">\u00a0<\/span><\/p>\n<p><b><span data-olk-copy-source=\"MessageBody\">Philip D. Jaff\u00e9<\/span><\/b><\/p>\n<p><b><\/b><b>Mitglied des UN-Ausschusses f\u00fcr die Rechte des Kindes<\/b><\/p>\n<p><strong>Hauptdozent f\u00fcr childrights-mooc.ch<\/strong><\/p>\n<p>&nbsp;<\/p>\n<p><em>Dieses Modul wurde unter Mitwirkung folgender Expert*innen entwickelt:<\/em><\/p>\n<p><em>Aude Fauvel, Ralf Jox, Laurence Monnais, Steve Vilhem, Salvatore Bevilacqua (IHM, Lausanne); Lise Miauton, Cyril Knob, Laurence Di Benedetto, Janique Sangsue, Sarah Depallens (CHUV, CAN Team, Lausanne); Samantha Domenici, Andrea Weber, Christina Meynet (F\u00e9d\u00e9ration Suisse des sages femmes); Madeleine Mirabaud (P\u00e4diatrie Schweiz; Petra Schneider (147, Pro Juventute); Jonas Schubert (Tdh Deutschland); Isaelle L\u00fcthi (Caritas Zurich)<\/em>[\/vc_column_text][vc_row_inner][vc_column_inner width=&#8220;1\/2&#8243;]<div class=\"gt-button gt-style-1 gt-align-left gt-inline-false gt-margin-false\"><a href=\"https:\/\/childrights-mooc.ch\/wp-content\/uploads\/2025\/03\/Module-3-GR_10.03.2025.pdf\" target=\"_blank\"><span>Modulplan<\/span><\/a><\/div>[\/vc_column_inner][vc_column_inner width=&#8220;1\/2&#8243;]<div class=\"gt-button gt-style-1 gt-align-right gt-inline-false gt-margin-false\"><a href=\"https:\/\/www.openlearnity.org\/courses\/MOOCCH_DE\/\" target=\"_blank\"><span>Jetzt anmelden<\/span><\/a><\/div>[\/vc_column_inner][\/vc_row_inner][vc_empty_space height=&#8220;64px&#8220;][\/vc_column][\/vc_row]<\/p>\n","protected":false},"excerpt":{"rendered":"<p>[vc_row full_width=&#8220;stretch_row&#8220; css=&#8220;.vc_custom_1729625066935{background-color: #f8eed5 !important;}&#8220;][vc_column][vc_video link=&#8220;https:\/\/www.youtube.com\/watch?v=L8cJLLCrsP0&#8243; el_width=&#8220;60&#8243; align=&#8220;center&#8220;][vc_column_text]F\u00fcr deutsche Untertitel klicken Sie auf \u201eYouTube\u201c, dann auf und anschliessend auf und \u201eCaptions \u2013 German\u201c[\/vc_column_text][vc_empty_space][vc_column_text]Willkommen zur dritten Woche, die den Kinderrechten und der Gesundheit gewidmet ist.\u00a0 Diese dritte Woche kn\u00fcpft an die&#8230;<\/p>\n","protected":false},"author":3,"featured_media":0,"parent":0,"menu_order":0,"comment_status":"closed","ping_status":"closed","template":"","meta":{"footnotes":""},"class_list":["post-5152","page","type-page","status-publish","hentry"],"_links":{"self":[{"href":"https:\/\/childrights-mooc.ch\/de\/wp-json\/wp\/v2\/pages\/5152","targetHints":{"allow":["GET"]}}],"collection":[{"href":"https:\/\/childrights-mooc.ch\/de\/wp-json\/wp\/v2\/pages"}],"about":[{"href":"https:\/\/childrights-mooc.ch\/de\/wp-json\/wp\/v2\/types\/page"}],"author":[{"embeddable":true,"href":"https:\/\/childrights-mooc.ch\/de\/wp-json\/wp\/v2\/users\/3"}],"replies":[{"embeddable":true,"href":"https:\/\/childrights-mooc.ch\/de\/wp-json\/wp\/v2\/comments?post=5152"}],"version-history":[{"count":17,"href":"https:\/\/childrights-mooc.ch\/de\/wp-json\/wp\/v2\/pages\/5152\/revisions"}],"predecessor-version":[{"id":6225,"href":"https:\/\/childrights-mooc.ch\/de\/wp-json\/wp\/v2\/pages\/5152\/revisions\/6225"}],"wp:attachment":[{"href":"https:\/\/childrights-mooc.ch\/de\/wp-json\/wp\/v2\/media?parent=5152"}],"curies":[{"name":"wp","href":"https:\/\/api.w.org\/{rel}","templated":true}]}}