{"id":5154,"date":"2024-10-16T11:57:04","date_gmt":"2024-10-16T11:57:04","guid":{"rendered":"https:\/\/childrights-mooc.ch\/module-4\/"},"modified":"2026-05-06T13:22:18","modified_gmt":"2026-05-06T13:22:18","slug":"modul-4","status":"publish","type":"page","link":"https:\/\/childrights-mooc.ch\/de\/modul-4\/","title":{"rendered":"Modul 4"},"content":{"rendered":"<p>[vc_row full_width=&#8220;stretch_row&#8220; css=&#8220;.vc_custom_1729625066935{background-color: #f8eed5 !important;}&#8220;][vc_column][vc_video link=&#8220;https:\/\/youtu.be\/y2dHeV_ebzE?si=29z2m4DiSJ0dceTR&#8220; el_width=&#8220;60&#8243; align=&#8220;center&#8220;][vc_column_text]<em>F\u00fcr deutsche Untertitel klicken Sie auf \u201eYouTube\u201c, dann auf <img loading=\"lazy\" decoding=\"async\" class=\"alignnone size-full wp-image-6172\" src=\"https:\/\/childrights-mooc.ch\/wp-content\/uploads\/2026\/04\/Capture-decran-2026-04-14-120143.png\" alt=\"\" width=\"22\" height=\"24\" \/> und anschliessend auf <img loading=\"lazy\" decoding=\"async\" class=\"alignnone size-full wp-image-6157\" src=\"https:\/\/childrights-mooc.ch\/wp-content\/uploads\/2026\/04\/Capture-decran-2026-04-14-113833.png\" alt=\"\" width=\"31\" height=\"31\" \/> und \u201eCaptions \u2013 German\u201c<\/em>[\/vc_column_text][vc_empty_space][vc_column_text]<span data-contrast=\"auto\">Willkommen zur\u00a0vierten\u00a0Woche, die sich mit den Kinderrechten im Rahmen der alternativen Formen der Betreuung von Kindern und der ausserfamili\u00e4ren Unterbringung befasst.<\/span><span data-ccp-props=\"{&quot;335551550&quot;:6,&quot;335551620&quot;:6}\">\u00a0<\/span><\/p>\n<p><span data-contrast=\"auto\">Diese Woche baut auf den Inhalten der ersten Woche zum Rahmen der Kinderrechte und der zweiten Woche zum Kindesschutz auf. Wir werden die rechtlichen und praktischen Rahmenbedingungen f\u00fcr ausserfamili\u00e4re Unterbringung auf internationaler und nationaler Ebene untersuchen.<\/span><\/p>\n<p><span data-contrast=\"auto\"> Zun\u00e4chst werden wir die relevanten rechtlichen Leitlinien betrachten, beginnend mit den Leitlinien der Vereinten Nationen f\u00fcr alternative Formen der Betreuung von Kindern und deren Umsetzung in der Schweiz. Anschliessend werden wir uns mit dem rechtlichen Rahmen in der Schweiz befassen und dessen aktuellen Stand und Herausforderungen beleuchten. Ein historischer \u00dcberblick \u00fcber die ausserfamili\u00e4re Unterbringung in der Schweiz wird uns ein besseres Verst\u00e4ndnis der aktuellen Situation vermitteln. Erg\u00e4nzt wird dieser \u00dcberblick durch aktuelle Statistiken, die einen Vergleich der Praxis in der Schweiz mit denen anderer L\u00e4nder erm\u00f6glichen.<\/span><span data-ccp-props=\"{&quot;335551550&quot;:6,&quot;335551620&quot;:6}\">\u00a0<\/span><\/p>\n<p><span data-contrast=\"auto\">Schliesslich\u00a0werden die Kinderrechte w\u00e4hrend des gesamten Prozesses der ausserfamili\u00e4ren Unterbringung beleuchtet und alternative Massnahmen zur ausserfamili\u00e4ren Unterbringung diskutiert, die flexibler auf die spezifischen Bed\u00fcrfnisse der Kinder eingehen. Wir werden auch die Rolle der Pflegefamilien als wichtige Akteure im Betreuungssystem thematisieren.<\/span><span data-ccp-props=\"{&quot;335551550&quot;:6,&quot;335551620&quot;:6}\">\u00a0<\/span><\/p>\n<p><span data-contrast=\"auto\">Im zweiten Teil konzentrieren wir uns darauf, wie die Kinderrechte in jeder Phase der ausserfamili\u00e4ren Unterbringung gewahrt werden m\u00fcssen. Dazu geh\u00f6ren der Entscheidungsprozess, die Integration des Kindes in ein neues Umfeld, der Schutz seiner Rechte im Alltag sowie die Einbeziehung der Familien in den Unterst\u00fctzungsprozess. Wir werden die Bedeutung der \u00dcbergangsphase f\u00fcr junge Menschen, die die Betreuungseinrichtung verlassen, sowie die notwendigen Schritte zur Vorbereitung auf ihr Leben als junge Erwachsene nach dem 18. Lebensjahr thematisieren.<\/span><span data-ccp-props=\"{&quot;335551550&quot;:6,&quot;335551620&quot;:6}\">\u00a0<\/span><\/p>\n<p><span data-contrast=\"auto\">Schliesslich werden wir uns damit befassen, wie Kinderrechte in verschiedenen Situationen angewendet werden, beispielsweise bei unbegleiteten, minderj\u00e4hrigen Asylsuchenden oder Kindern mit besonderen Bed\u00fcrfnissen in Betreuungseinrichtungen. Dieser Abschnitt enth\u00e4lt Hinweise dazu, wie die Kinderrechte in allen Formen der ausserfamili\u00e4ren Unterbringung gew\u00e4hrleistet werden k\u00f6nnen.<\/span><span data-ccp-props=\"{&quot;335551550&quot;:6,&quot;335551620&quot;:6}\">\u00a0<\/span><\/p>\n<p><span data-contrast=\"auto\">Ich hoffe, dass dieser Abschnitt f\u00fcr Sie n\u00fctzlich ist und Ihnen ein tieferes Verst\u00e4ndnis der Kinderrechte im Kontext der ausserfamili\u00e4ren Betreuung vermittelt! Lassen Sie uns mit der Woche beginnen!<\/span><span data-ccp-props=\"{&quot;335551550&quot;:6,&quot;335551620&quot;:6}\">\u00a0<\/span><\/p>\n<p><b><span data-olk-copy-source=\"MessageBody\">Philip D. Jaff\u00e9<br \/>\n<\/span><\/b><b>Mitglied des UN-Ausschusses f\u00fcr die Rechte des Kindes<\/b><\/p>\n<div class=\"wpb_text_column wpb_content_element \">\n<div class=\"wpb_wrapper\">\n<p><strong>Hauptdozent f\u00fcr childrights-mooc.ch<\/strong><\/p>\n<\/div>\n<p><em>Dieses Modul wurde von INTEGRAS unter Mitwirkung folgender Expert*innen entwickelt:<\/em><\/p>\n<p><em>Nigel Cantwell; Ersilia Gianella (SUPSI); Ga\u00eblle Sauthier-Droz (UNIFR); Dr. Thomas Gabriel &amp; Daniela Reimer (ZHAW Soziale Arbeit); Stefan Eberitzsch &amp; Samuel Keller (ZHAW Team WIF); Christian Nanchen (Service de la jeunesse, Sion); Jessica Pierobon, Meryem Oezdirek (Integras); Oana Tibucanu &amp; Parwana (Foyer Salvan); Sophie Denzler (Careleaver); Gian Paolo Conelli &amp; Patrizia Quirici (Fondazione Amilcare); Rolf Widmer (TIPITI); Tobias Arnold &amp; Petra Vuckovic (HZ Hagendorn)<\/em><\/p>\n<\/div>\n<p>[\/vc_column_text][vc_row_inner][vc_column_inner width=&#8220;1\/2&#8243;]<div class=\"gt-button gt-style-1 gt-align-left gt-inline-false gt-margin-false\"><a href=\"https:\/\/childrights-mooc.ch\/wp-content\/uploads\/2025\/03\/Module-4-GR_10.03.2025.pdf\" target=\"_blank\"><span>Modulplan<\/span><\/a><\/div>[\/vc_column_inner][vc_column_inner width=&#8220;1\/2&#8243;]<div class=\"gt-button gt-style-1 gt-align-right gt-inline-false gt-margin-false\"><a href=\"https:\/\/www.openlearnity.org\/courses\/MOOCCH_DE\/\" target=\"_blank\"><span>Jetzt anmelden<\/span><\/a><\/div>[\/vc_column_inner][\/vc_row_inner][vc_empty_space height=&#8220;64px&#8220;][\/vc_column][\/vc_row]<\/p>\n","protected":false},"excerpt":{"rendered":"<p>[vc_row full_width=&#8220;stretch_row&#8220; css=&#8220;.vc_custom_1729625066935{background-color: #f8eed5 !important;}&#8220;][vc_column][vc_video link=&#8220;https:\/\/youtu.be\/y2dHeV_ebzE?si=29z2m4DiSJ0dceTR&#8220; el_width=&#8220;60&#8243; align=&#8220;center&#8220;][vc_column_text]F\u00fcr deutsche Untertitel klicken Sie auf \u201eYouTube\u201c, dann auf und anschliessend auf und \u201eCaptions \u2013 German\u201c[\/vc_column_text][vc_empty_space][vc_column_text]Willkommen zur\u00a0vierten\u00a0Woche, die sich mit den Kinderrechten im Rahmen der alternativen Formen der Betreuung von Kindern und der&#8230;<\/p>\n","protected":false},"author":3,"featured_media":0,"parent":0,"menu_order":0,"comment_status":"closed","ping_status":"closed","template":"","meta":{"footnotes":""},"class_list":["post-5154","page","type-page","status-publish","hentry"],"_links":{"self":[{"href":"https:\/\/childrights-mooc.ch\/de\/wp-json\/wp\/v2\/pages\/5154","targetHints":{"allow":["GET"]}}],"collection":[{"href":"https:\/\/childrights-mooc.ch\/de\/wp-json\/wp\/v2\/pages"}],"about":[{"href":"https:\/\/childrights-mooc.ch\/de\/wp-json\/wp\/v2\/types\/page"}],"author":[{"embeddable":true,"href":"https:\/\/childrights-mooc.ch\/de\/wp-json\/wp\/v2\/users\/3"}],"replies":[{"embeddable":true,"href":"https:\/\/childrights-mooc.ch\/de\/wp-json\/wp\/v2\/comments?post=5154"}],"version-history":[{"count":13,"href":"https:\/\/childrights-mooc.ch\/de\/wp-json\/wp\/v2\/pages\/5154\/revisions"}],"predecessor-version":[{"id":6226,"href":"https:\/\/childrights-mooc.ch\/de\/wp-json\/wp\/v2\/pages\/5154\/revisions\/6226"}],"wp:attachment":[{"href":"https:\/\/childrights-mooc.ch\/de\/wp-json\/wp\/v2\/media?parent=5154"}],"curies":[{"name":"wp","href":"https:\/\/api.w.org\/{rel}","templated":true}]}}