{"id":5156,"date":"2024-10-16T11:57:25","date_gmt":"2024-10-16T11:57:25","guid":{"rendered":"https:\/\/childrights-mooc.ch\/module-5\/"},"modified":"2026-05-06T13:23:18","modified_gmt":"2026-05-06T13:23:18","slug":"modul-5","status":"publish","type":"page","link":"https:\/\/childrights-mooc.ch\/de\/modul-5\/","title":{"rendered":"Modul 5"},"content":{"rendered":"<p>[vc_row full_width=&#8220;stretch_row&#8220; css=&#8220;.vc_custom_1729625066935{background-color: #f8eed5 !important;}&#8220;][vc_column][vc_video link=&#8220;https:\/\/youtu.be\/FHpoe908QJM&#8220; el_width=&#8220;60&#8243; align=&#8220;center&#8220;][vc_column_text]<em>F\u00fcr deutsche Untertitel klicken Sie auf \u201eYouTube\u201c, dann auf <img loading=\"lazy\" decoding=\"async\" class=\"alignnone size-full wp-image-6172\" src=\"https:\/\/childrights-mooc.ch\/wp-content\/uploads\/2026\/04\/Capture-decran-2026-04-14-120143.png\" alt=\"\" width=\"22\" height=\"24\" \/> und anschliessend auf <img loading=\"lazy\" decoding=\"async\" class=\"alignnone size-full wp-image-6157\" src=\"https:\/\/childrights-mooc.ch\/wp-content\/uploads\/2026\/04\/Capture-decran-2026-04-14-113833.png\" alt=\"\" width=\"31\" height=\"31\" \/> und \u201eCaptions \u2013 German\u201c<\/em>[\/vc_column_text][vc_empty_space][vc_column_text]<span class=\"TextRun SCXW119519687 BCX0\" lang=\"DE-CH\" xml:lang=\"DE-CH\" data-contrast=\"auto\"><span class=\"NormalTextRun SCXW119519687 BCX0\">Wir sind bereits in der f\u00fcnften Woche des Kurses angelangt, die sich diesmal mit den Kinderrechten und der Bildung befasst. <\/span><\/span><\/p>\n<p><span class=\"TextRun SCXW119519687 BCX0\" lang=\"DE-CH\" xml:lang=\"DE-CH\" data-contrast=\"auto\"><span class=\"NormalTextRun SCXW119519687 BCX0\">Dieser Teil baut auf den Inhalten der ersten Woche zum Rahmen der Kinderrechte und der zweiten Woche zum Kindesschutz auf. Wir werden uns auf die Kinderrechte und die Bildung konzentrieren. Zun\u00e4chst werden wir uns mit der fr\u00fchen Kindheit befassen und Fragen der Nichtdiskriminierung, der Bildung f\u00fcr asylsuchende Kinder, aber auch die Frage der Bildungsqualit\u00e4t im Zusammenhang mit der fr\u00fchen Kindheit behandeln. <\/span><\/span><\/p>\n<p><span class=\"TextRun SCXW119519687 BCX0\" lang=\"DE-CH\" xml:lang=\"DE-CH\" data-contrast=\"auto\"><span class=\"NormalTextRun SCXW119519687 BCX0\">Im n\u00e4chsten Schritt werden wir die Kinderrechte in der Schule betrachten. Wir werden sehen, wie die Kinderrechte im schulischen Umfeld umgesetzt werden und wie der Zugang zu Bildung f\u00fcr schutzbed\u00fcrftige und benachteiligte Kinder in der Schweiz organisiert ist. Wir werden uns auch mit Gewalt und Mobbing in der Schule befassen und aufzeigen, wie die Kinderrechte in den Schulalltag integriert werden k\u00f6nnen. Anschliessend werden wir diskutieren, wie Lehrpersonen die Kinderrechte vermitteln und einen Bezug zu den Lehrpl\u00e4nen in den verschiedenen Sprachregionen der Schweiz herstellen k\u00f6nnen. <\/span><\/span><\/p>\n<p><span class=\"TextRun SCXW119519687 BCX0\" lang=\"DE-CH\" xml:lang=\"DE-CH\" data-contrast=\"auto\"><span class=\"NormalTextRun SCXW119519687 BCX0\">Ein weiteres wichtiges Thema dieses Moduls ist die digitale Welt und die damit verbundenen Kinderrechte. Wir werden uns mit den Kinderrechten und dem Zugang zu Informationen sowie dem Schutz der Privatsph\u00e4re im digitalen Raum befassen. <\/span><\/span><\/p>\n<p><span class=\"TextRun SCXW119519687 BCX0\" lang=\"DE-CH\" xml:lang=\"DE-CH\" data-contrast=\"auto\"><span class=\"NormalTextRun SCXW119519687 BCX0\">Das Ziel dieser Woche ist es, Ihnen zu vermitteln, wie die Kinderrechte in der Bildung und dar\u00fcber hinaus gef\u00f6rdert und gesch\u00fctzt werden k\u00f6nnen. Ich w\u00fcnsche Ihnen viel Freude mit den Inhalten dieser sehr interessanten Woche.<\/span><\/span><\/p>\n<p><b><span data-olk-copy-source=\"MessageBody\">Philip D. Jaff\u00e9<br \/>\n<\/span><\/b><\/p>\n<p><b>Mitglied des UN-Ausschusses f\u00fcr die Rechte des Kindes<\/b><\/p>\n<div class=\"wpb_text_column wpb_content_element \">\n<div class=\"wpb_wrapper\">\n<p><strong>Hauptdozent f\u00fcr childrights-mooc.ch<\/strong><\/p>\n<p><em>Dieses Modul wurde unter Mitwirkung folgender Expert*innen entwickelt:<\/em><\/p>\n<p><em>Kathrin Zehnder (Begleitb\u00fcro); Clara Bombach (Berner Fachhochschule); Melanie Bolz (Kibesuisse \/ QualiKita); Stefanie Kurt &amp; Luca Preite (HES-SO Valais \/ FHNW); Dr. Zo\u00e9 Moody, Maude Louviot, Sarah Zerika (CIDE); Anahy Gajardo &amp; D\u00e9borah Kwo (Tdh Sschweiz); Illan Acher (Amnesty International Sschweiz); Daniel Betschart &amp; Ingrid Broger (Pro Juventute)<\/em><\/p>\n<\/div>\n<\/div>\n<p>[\/vc_column_text][vc_row_inner][vc_column_inner width=&#8220;1\/2&#8243;]<div class=\"gt-button gt-style-1 gt-align-left gt-inline-false gt-margin-false\"><a href=\"https:\/\/childrights-mooc.ch\/wp-content\/uploads\/2025\/03\/Module-5-GR_10.03.2025.pdf\" target=\"_blank\"><span>Modulplan<\/span><\/a><\/div>[\/vc_column_inner][vc_column_inner width=&#8220;1\/2&#8243;]<div class=\"gt-button gt-style-1 gt-align-right gt-inline-false gt-margin-false\"><a href=\"https:\/\/www.openlearnity.org\/courses\/MOOCCH_DE\/\" target=\"_blank\"><span>Jetzt anmelden<\/span><\/a><\/div>[\/vc_column_inner][\/vc_row_inner][vc_empty_space height=&#8220;64px&#8220;][\/vc_column][\/vc_row]<\/p>\n","protected":false},"excerpt":{"rendered":"<p>[vc_row full_width=&#8220;stretch_row&#8220; css=&#8220;.vc_custom_1729625066935{background-color: #f8eed5 !important;}&#8220;][vc_column][vc_video link=&#8220;https:\/\/youtu.be\/FHpoe908QJM&#8220; el_width=&#8220;60&#8243; align=&#8220;center&#8220;][vc_column_text]F\u00fcr deutsche Untertitel klicken Sie auf \u201eYouTube\u201c, dann auf und anschliessend auf und \u201eCaptions \u2013 German\u201c[\/vc_column_text][vc_empty_space][vc_column_text]Wir sind bereits in der f\u00fcnften Woche des Kurses angelangt, die sich diesmal mit den Kinderrechten und der&#8230;<\/p>\n","protected":false},"author":3,"featured_media":0,"parent":0,"menu_order":0,"comment_status":"closed","ping_status":"closed","template":"","meta":{"footnotes":""},"class_list":["post-5156","page","type-page","status-publish","hentry"],"_links":{"self":[{"href":"https:\/\/childrights-mooc.ch\/de\/wp-json\/wp\/v2\/pages\/5156","targetHints":{"allow":["GET"]}}],"collection":[{"href":"https:\/\/childrights-mooc.ch\/de\/wp-json\/wp\/v2\/pages"}],"about":[{"href":"https:\/\/childrights-mooc.ch\/de\/wp-json\/wp\/v2\/types\/page"}],"author":[{"embeddable":true,"href":"https:\/\/childrights-mooc.ch\/de\/wp-json\/wp\/v2\/users\/3"}],"replies":[{"embeddable":true,"href":"https:\/\/childrights-mooc.ch\/de\/wp-json\/wp\/v2\/comments?post=5156"}],"version-history":[{"count":12,"href":"https:\/\/childrights-mooc.ch\/de\/wp-json\/wp\/v2\/pages\/5156\/revisions"}],"predecessor-version":[{"id":6227,"href":"https:\/\/childrights-mooc.ch\/de\/wp-json\/wp\/v2\/pages\/5156\/revisions\/6227"}],"wp:attachment":[{"href":"https:\/\/childrights-mooc.ch\/de\/wp-json\/wp\/v2\/media?parent=5156"}],"curies":[{"name":"wp","href":"https:\/\/api.w.org\/{rel}","templated":true}]}}