{"id":5158,"date":"2024-10-22T20:07:32","date_gmt":"2024-10-22T20:07:32","guid":{"rendered":"https:\/\/childrights-mooc.ch\/module-6\/"},"modified":"2026-05-06T13:24:50","modified_gmt":"2026-05-06T13:24:50","slug":"modul-6","status":"publish","type":"page","link":"https:\/\/childrights-mooc.ch\/de\/modul-6\/","title":{"rendered":"Modul 6"},"content":{"rendered":"<p>[vc_row full_width=&#8220;stretch_row&#8220; css=&#8220;.vc_custom_1729625066935{background-color: #f8eed5 !important;}&#8220;][vc_column][vc_video link=&#8220;https:\/\/youtu.be\/oErNLhQRWEI?si=Gne4PPUPXKbMs4sA&#8220; el_width=&#8220;60&#8243; align=&#8220;center&#8220;][vc_column_text]<em>F\u00fcr deutsche Untertitel klicken Sie auf \u201eYouTube\u201c, dann auf <img loading=\"lazy\" decoding=\"async\" class=\"alignnone size-full wp-image-6172\" src=\"https:\/\/childrights-mooc.ch\/wp-content\/uploads\/2026\/04\/Capture-decran-2026-04-14-120143.png\" alt=\"\" width=\"22\" height=\"24\" \/>und anschliessend auf <img loading=\"lazy\" decoding=\"async\" class=\"alignnone size-full wp-image-6157\" src=\"https:\/\/childrights-mooc.ch\/wp-content\/uploads\/2026\/04\/Capture-decran-2026-04-14-113833.png\" alt=\"\" width=\"31\" height=\"31\" \/>und \u201eCaptions \u2013 German\u201c<\/em>[\/vc_column_text][vc_empty_space][vc_column_text]<span class=\"TextRun SCXW67187385 BCX0\" lang=\"DE-CH\" xml:lang=\"DE-CH\" data-contrast=\"auto\"><span class=\"NormalTextRun SCXW67187385 BCX0\">Willkommen zur sechsten Woche, die sich mit den Kinderrechten und dem Zugang zur Justiz befasst. <\/span><\/span><\/p>\n<p><span class=\"TextRun SCXW67187385 BCX0\" lang=\"DE-CH\" xml:lang=\"DE-CH\" data-contrast=\"auto\"><span class=\"NormalTextRun SCXW67187385 BCX0\">Diese Woche kn\u00fcpft\u00a0<\/span><span class=\"NormalTextRun AdvancedProofingIssueV2Themed SCXW67187385 BCX0\">nat\u00fcrlich an<\/span><span class=\"NormalTextRun SCXW67187385 BCX0\">\u00a0die Inhalte der Einf\u00fchrungswoche sowie der Woche zum Thema Schutz an. Vor welchen grossen Herausforderungen steht die Schweiz bei der Anpassung ihres Justizsystems an die Bed\u00fcrfnisse und Rechte von Kindern? <\/span><\/span><\/p>\n<p><span class=\"TextRun SCXW67187385 BCX0\" lang=\"DE-CH\" xml:lang=\"DE-CH\" data-contrast=\"auto\"><span class=\"NormalTextRun SCXW67187385 BCX0\">Diese Woche werden wir uns mit dieser Frage befassen und uns zun\u00e4chst mit der Integration der Kinderrechte in die Strafjustiz besch\u00e4ftigen, wobei wir uns auf internationale Normen wie die Pekinger Regeln und die Riad-Leitlinien st\u00fctzen werden. <\/span><\/span><span class=\"TextRun SCXW67187385 BCX0\" lang=\"DE-CH\" xml:lang=\"DE-CH\" data-contrast=\"auto\"><span class=\"NormalTextRun SCXW67187385 BCX0\">Anschlie<\/span><span class=\"NormalTextRun SCXW67187385 BCX0\">ss<\/span><span class=\"NormalTextRun SCXW67187385 BCX0\">end analysieren wir, wie diese Normen in der Schweiz umgesetzt werden, und untersuchen aktuelle Statistiken zur Jugendkriminalit\u00e4t, d. h. zu Kindern, die mit dem Gesetz in Konflikt geraten sind. Parallel dazu befassen wir uns mit alternativen Ans\u00e4tzen zur sogenannten traditionellen Justiz wie der Restaurativen Justiz und der strafrechtlichen Mediation und untersuchen deren Relevanz aus neurowissenschaftlicher Sicht. <\/span><\/span><\/p>\n<p><span class=\"TextRun SCXW67187385 BCX0\" lang=\"DE-CH\" xml:lang=\"DE-CH\" data-contrast=\"auto\"><span class=\"NormalTextRun SCXW67187385 BCX0\">Im zweiten Teil der Woche werden wir uns mit der Stellung des Kindes in Zivilverfahren befassen und uns dabei auf seine Bed\u00fcrfnisse und das \u00fcbergeordnete Kindesinteresse konzentrieren, insbesondere wenn es aus einer LGBTQ-Familie stammt oder von einer Trennung oder Scheidung der Eltern betroffen ist. Schlie<\/span><span class=\"NormalTextRun SCXW67187385 BCX0\">ss<\/span><span class=\"NormalTextRun SCXW67187385 BCX0\">lich werden wir die Anh\u00f6rung des Kindes und die Vertretung des Kindes in Gerichts- und Verwaltungsverfahren diskutieren. Dies sind zwei wesentliche Aspekte, um sicherzustellen, dass Kinder geh\u00f6rt und als vollwertige Akteure in diesen Prozessen ber\u00fccksichtigt werden. Ich freue mich sehr darauf, Ihnen diese Woche engagierte Experten vorzustellen, die eine Schl\u00fcsselrolle bei der Entwicklung dieser Themen gespielt haben. Freuen Sie sich\u00a0<\/span><span class=\"NormalTextRun ContextualSpellingAndGrammarErrorV2Themed SCXW67187385 BCX0\">auf spannende<\/span><span class=\"NormalTextRun SCXW67187385 BCX0\">\u00a0Diskussionen, die, da bin ich mir sicher, zum Nachdenken anregen und inspirieren werden.<\/span><\/span><span class=\"EOP SCXW67187385 BCX0\" data-ccp-props=\"{&quot;335551550&quot;:6,&quot;335551620&quot;:6}\">\u00a0<\/span><\/p>\n<p><b><span data-olk-copy-source=\"MessageBody\">Philip D. Jaff\u00e9<br \/>\n<\/span><\/b><\/p>\n<p><b>Mitglied des UN-Ausschusses f\u00fcr die Rechte des Kindes<\/b><\/p>\n<div class=\"wpb_text_column wpb_content_element \">\n<div class=\"wpb_wrapper\">\n<p><strong>Hauptdozent f\u00fcr childrights-mooc.ch<\/strong><\/p>\n<p>&nbsp;<\/p>\n<\/div>\n<p><em>Dieses Modul wurde unter Mitwirkung folgender Expert*innen entwickelt:<\/em><\/p>\n<p><em>Yann Colliou (TdH Foundation); Olivier Boillat; Dirk Baier (ZHAW \u2013 Zurich School of Social Work); Camille Perrier Depeursinge (UNIL); G\u00e9rard Demierre (Kantonale Ombudsstelle Freiburg); Ch\u00e9rine Fahim (Endoxaneuroscience); Cilgia Caratsch (SSI \u2013 Service Social International Suisse); Prof. Michelle Cottier (UNIGE); Pricille Ramoni (Etude Derville\/Kinderanwaltschaft); Annegret Lautenbach (Peyer partner\/Kinderanwaltschaft), Christophe Herzig (Institut Kindsvertretung\/Kinderanwaltschaft); Cora Schmid (AsyLex)<\/em><\/p>\n<\/div>\n<p>[\/vc_column_text][vc_row_inner][vc_column_inner width=&#8220;1\/2&#8243;]<div class=\"gt-button gt-style-1 gt-align-left gt-inline-false gt-margin-false\"><a href=\"https:\/\/childrights-mooc.ch\/wp-content\/uploads\/2025\/03\/Module-6-GR_10.03.2025.pdf\" target=\"_blank\"><span>Modulplan<\/span><\/a><\/div>[\/vc_column_inner][vc_column_inner width=&#8220;1\/2&#8243;]<div class=\"gt-button gt-style-1 gt-align-right gt-inline-false gt-margin-false\"><a href=\"https:\/\/app.courses.openlearnity.org\/learning\/course\/course-v1:TDH+MOOC-CH+2026_de\/home\" target=\"_blank\"><span>Jetzt anmelden<\/span><\/a><\/div>[\/vc_column_inner][\/vc_row_inner][vc_empty_space height=&#8220;64px&#8220;][\/vc_column][\/vc_row]<\/p>\n","protected":false},"excerpt":{"rendered":"<p>[vc_row full_width=&#8220;stretch_row&#8220; css=&#8220;.vc_custom_1729625066935{background-color: #f8eed5 !important;}&#8220;][vc_column][vc_video link=&#8220;https:\/\/youtu.be\/oErNLhQRWEI?si=Gne4PPUPXKbMs4sA&#8220; el_width=&#8220;60&#8243; align=&#8220;center&#8220;][vc_column_text]F\u00fcr deutsche Untertitel klicken Sie auf \u201eYouTube\u201c, dann auf und anschliessend auf und \u201eCaptions \u2013 German\u201c[\/vc_column_text][vc_empty_space][vc_column_text]Willkommen zur sechsten Woche, die sich mit den Kinderrechten und dem Zugang zur Justiz befasst. Diese Woche kn\u00fcpft\u00a0nat\u00fcrlich&#8230;<\/p>\n","protected":false},"author":4,"featured_media":0,"parent":0,"menu_order":0,"comment_status":"closed","ping_status":"closed","template":"","meta":{"footnotes":""},"class_list":["post-5158","page","type-page","status-publish","hentry"],"_links":{"self":[{"href":"https:\/\/childrights-mooc.ch\/de\/wp-json\/wp\/v2\/pages\/5158","targetHints":{"allow":["GET"]}}],"collection":[{"href":"https:\/\/childrights-mooc.ch\/de\/wp-json\/wp\/v2\/pages"}],"about":[{"href":"https:\/\/childrights-mooc.ch\/de\/wp-json\/wp\/v2\/types\/page"}],"author":[{"embeddable":true,"href":"https:\/\/childrights-mooc.ch\/de\/wp-json\/wp\/v2\/users\/4"}],"replies":[{"embeddable":true,"href":"https:\/\/childrights-mooc.ch\/de\/wp-json\/wp\/v2\/comments?post=5158"}],"version-history":[{"count":15,"href":"https:\/\/childrights-mooc.ch\/de\/wp-json\/wp\/v2\/pages\/5158\/revisions"}],"predecessor-version":[{"id":6229,"href":"https:\/\/childrights-mooc.ch\/de\/wp-json\/wp\/v2\/pages\/5158\/revisions\/6229"}],"wp:attachment":[{"href":"https:\/\/childrights-mooc.ch\/de\/wp-json\/wp\/v2\/media?parent=5158"}],"curies":[{"name":"wp","href":"https:\/\/api.w.org\/{rel}","templated":true}]}}