{"id":5160,"date":"2024-10-15T18:04:06","date_gmt":"2024-10-15T18:04:06","guid":{"rendered":"https:\/\/childrights-mooc.ch\/quels-professionnel%c2%b7le%c2%b7s-sont-vises\/"},"modified":"2026-01-21T08:56:01","modified_gmt":"2026-01-21T08:56:01","slug":"welche-fachkraefte-sind-angesprochen","status":"publish","type":"page","link":"https:\/\/childrights-mooc.ch\/de\/welche-fachkraefte-sind-angesprochen\/","title":{"rendered":"Zielgruppe"},"content":{"rendered":"<p>[vc_row full_width=&#8220;stretch_row&#8220; css=&#8220;.vc_custom_1729625066935{background-color: #f8eed5 !important;}&#8220;][vc_column][vc_empty_space][vc_column_text]Der childrights-mooc.ch richtet sich an alle Fachkr\u00e4fte, die f\u00fcr und mit Kindern arbeiten, an Studierende in der Grundausbildung sowie an alle Personen, die sich allgemein f\u00fcr Kinderrechte interessieren.<\/p>\n<p>Der Aufbau des childrights-mooc.ch , die Themen und Fragen, die in den einzelnen Modulen behandelt werden, decken den Bereich der Kinderrechte und die Bereiche, in denen diese Rechte angewandt und respektiert werden m\u00fcssen, auf eine sehr breite Weise ab.<\/p>\n<p><strong>Die p\u00e4dagogischen Ziele\u00a0\u00a0<\/strong><\/p>\n<p>\u2981 Entwicklung von F\u00e4higkeiten, um die Kinderrechte in die eigene Berufspraxis zu integrieren.<br \/>\n\u2981 Verst\u00e4ndnis der Merkmale der Kinderrechtskonvention sowie der UN-\u00dcberwachungsmechanismen f\u00fcr ihre Umsetzung.<br \/>\n\u2981 Entwicklung von F\u00e4higkeiten, schwierige Situationen mit einem kinderrechtsbasierten Ansatz unter Ber\u00fccksichtigung des wirtschaftlichen und soziokulturellen Kontexts zu analysieren.<br \/>\n\u2981 Entwicklung einer kritischen Reflexion \u00fcber die eigene Praxis, Berufsethik und -pflichten und St\u00e4rkung der eigenen Arbeitsmethoden.<br \/>\n\u2981 Erwerb interdisziplin\u00e4rer, wissenschaftlich fundierter theoretischer und praktischer Kenntnisse der Kinderrechte in den Bereichen Recht, Soziologie, P\u00e4dagogik, Psychologie, Sozialarbeit, Bildung, Gesundheitswesen und Ethik.<br \/>\n\u2981 Kenntnis der Instrumente zur Beurteilung des Kindeswohls und zur Ber\u00fccksichtigung der Meinung des Kindes.[\/vc_column_text][vc_empty_space][\/vc_column][\/vc_row]<\/p>\n","protected":false},"excerpt":{"rendered":"<p>[vc_row full_width=&#8220;stretch_row&#8220; css=&#8220;.vc_custom_1729625066935{background-color: #f8eed5 !important;}&#8220;][vc_column][vc_empty_space][vc_column_text]Der childrights-mooc.ch richtet sich an alle Fachkr\u00e4fte, die f\u00fcr und mit Kindern arbeiten, an Studierende in der Grundausbildung sowie an alle Personen, die sich allgemein f\u00fcr Kinderrechte interessieren. Der Aufbau des childrights-mooc.ch , die Themen und&#8230;<\/p>\n","protected":false},"author":3,"featured_media":0,"parent":0,"menu_order":0,"comment_status":"closed","ping_status":"closed","template":"","meta":{"footnotes":""},"class_list":["post-5160","page","type-page","status-publish","hentry"],"_links":{"self":[{"href":"https:\/\/childrights-mooc.ch\/de\/wp-json\/wp\/v2\/pages\/5160","targetHints":{"allow":["GET"]}}],"collection":[{"href":"https:\/\/childrights-mooc.ch\/de\/wp-json\/wp\/v2\/pages"}],"about":[{"href":"https:\/\/childrights-mooc.ch\/de\/wp-json\/wp\/v2\/types\/page"}],"author":[{"embeddable":true,"href":"https:\/\/childrights-mooc.ch\/de\/wp-json\/wp\/v2\/users\/3"}],"replies":[{"embeddable":true,"href":"https:\/\/childrights-mooc.ch\/de\/wp-json\/wp\/v2\/comments?post=5160"}],"version-history":[{"count":6,"href":"https:\/\/childrights-mooc.ch\/de\/wp-json\/wp\/v2\/pages\/5160\/revisions"}],"predecessor-version":[{"id":5994,"href":"https:\/\/childrights-mooc.ch\/de\/wp-json\/wp\/v2\/pages\/5160\/revisions\/5994"}],"wp:attachment":[{"href":"https:\/\/childrights-mooc.ch\/de\/wp-json\/wp\/v2\/media?parent=5160"}],"curies":[{"name":"wp","href":"https:\/\/api.w.org\/{rel}","templated":true}]}}