{"id":6090,"date":"2026-03-05T09:37:13","date_gmt":"2026-03-05T09:37:13","guid":{"rendered":"https:\/\/childrights-mooc.ch\/?page_id=6090"},"modified":"2026-03-05T09:40:48","modified_gmt":"2026-03-05T09:40:48","slug":"wissenschaftlicher-ausschuss","status":"publish","type":"page","link":"https:\/\/childrights-mooc.ch\/de\/wissenschaftlicher-ausschuss\/","title":{"rendered":"Wissenschaftlicher Ausschuss"},"content":{"rendered":"\n<p><\/p>\n\n\n\n<p class=\"has-medium-font-size\">In der aktuellen Umsetzungsphase wird das Projekt von einem wissenschaftlichen Ausschuss unterst\u00fctzt, der sich aus vier Expertinnen und Experten zusammensetzt, die f\u00fcr die Qualit\u00e4t und Genauigkeit der Inhalte b\u00fcrgen.<\/p>\n\n\n\n<p class=\"has-medium-font-size\"><strong>Umsetzungsphase:<\/strong><\/p>\n\n\n\n<ul class=\"wp-block-list\">\n<li class=\"has-medium-font-size\">Jean Zermatten<\/li>\n\n\n\n<li class=\"has-medium-font-size\">Selin G\u00e9lard<\/li>\n\n\n\n<li class=\"has-medium-font-size\">Philip Jaff\u00e9<\/li>\n\n\n\n<li class=\"has-medium-font-size\">Yann Colliou<\/li>\n<\/ul>\n\n\n\n<p class=\"has-medium-font-size\">W\u00e4hrend der Konzeptionsphase wurde ausserdem ein spezieller wissenschaftlicher Ausschuss einberufen, um die Ausrichtung des MOOC festzulegen und die Auswahl der Inhalte zu validieren.<\/p>\n\n\n\n<p class=\"has-medium-font-size\"><strong>Konzeptionsphase:<\/strong><\/p>\n\n\n\n<ul class=\"wp-block-list\">\n<li class=\"has-medium-font-size\">Michelle Cottier<\/li>\n\n\n\n<li class=\"has-medium-font-size\">Mia Dambach<\/li>\n\n\n\n<li class=\"has-medium-font-size\">Zo\u00e9 Moody<\/li>\n\n\n\n<li class=\"has-medium-font-size\">Roberta Ruggiero<\/li>\n<\/ul>\n\n\n\n<p><\/p>\n","protected":false},"excerpt":{"rendered":"<p>In der aktuellen Umsetzungsphase wird das Projekt von einem wissenschaftlichen Ausschuss unterst\u00fctzt, der sich aus vier Expertinnen und Experten zusammensetzt, die f\u00fcr die Qualit\u00e4t und Genauigkeit der Inhalte b\u00fcrgen. Umsetzungsphase: W\u00e4hrend der Konzeptionsphase wurde ausserdem ein spezieller wissenschaftlicher Ausschuss einberufen,&#8230;<\/p>\n","protected":false},"author":8,"featured_media":0,"parent":0,"menu_order":0,"comment_status":"closed","ping_status":"closed","template":"","meta":{"footnotes":""},"class_list":["post-6090","page","type-page","status-publish","hentry"],"_links":{"self":[{"href":"https:\/\/childrights-mooc.ch\/de\/wp-json\/wp\/v2\/pages\/6090","targetHints":{"allow":["GET"]}}],"collection":[{"href":"https:\/\/childrights-mooc.ch\/de\/wp-json\/wp\/v2\/pages"}],"about":[{"href":"https:\/\/childrights-mooc.ch\/de\/wp-json\/wp\/v2\/types\/page"}],"author":[{"embeddable":true,"href":"https:\/\/childrights-mooc.ch\/de\/wp-json\/wp\/v2\/users\/8"}],"replies":[{"embeddable":true,"href":"https:\/\/childrights-mooc.ch\/de\/wp-json\/wp\/v2\/comments?post=6090"}],"version-history":[{"count":2,"href":"https:\/\/childrights-mooc.ch\/de\/wp-json\/wp\/v2\/pages\/6090\/revisions"}],"predecessor-version":[{"id":6097,"href":"https:\/\/childrights-mooc.ch\/de\/wp-json\/wp\/v2\/pages\/6090\/revisions\/6097"}],"wp:attachment":[{"href":"https:\/\/childrights-mooc.ch\/de\/wp-json\/wp\/v2\/media?parent=6090"}],"curies":[{"name":"wp","href":"https:\/\/api.w.org\/{rel}","templated":true}]}}