{"id":6115,"date":"2026-04-09T13:01:29","date_gmt":"2026-04-09T13:01:29","guid":{"rendered":"https:\/\/childrights-mooc.ch\/?page_id=6115"},"modified":"2026-04-09T13:01:30","modified_gmt":"2026-04-09T13:01:30","slug":"das-zertifikat","status":"publish","type":"page","link":"https:\/\/childrights-mooc.ch\/de\/das-zertifikat\/","title":{"rendered":"Das Zertifikat"},"content":{"rendered":"\n<p>Nach Abschluss des Kurses k\u00f6nnen Sie Ihre Kompetenzen durch das (optionale) <strong>verifizierte Zertifikat <\/strong>best\u00e4tigen, das zum Preis von 129 CHF erh\u00e4ltlich ist.<\/p>\n\n\n\n<p>Dieses Zertifikat, das mit einer <strong>eindeutigen Kennung<\/strong> und <strong>einem Verifizierungslink<\/strong> versehen ist, l\u00e4sst sich leicht auf <strong>LinkedIn<\/strong> und in Ihrem beruflichen Netzwerk teilen. Es bescheinigt Ihre Kompetenzen und wird gemeinsam von T<strong>erre des hommes, dem Internationalen Institut f\u00fcr Kinderrechte und dem Interfakult\u00e4ren Zentrum f\u00fcr Kinderrechte der Universit\u00e4t Genf<\/strong> unterzeichnet.<\/p>\n\n\n\n<h3 class=\"wp-block-heading\">Voraussetzungen f\u00fcr den Erhalt<\/h3>\n\n\n\n<p>Um Ihr Zertifikat zu erhalten, m\u00fcssen Sie:<\/p>\n\n\n\n<ul class=\"wp-block-list\">\n<li>die <strong>Module 1 und 2 obligatorisch <\/strong>s<strong>owie mindestens ein zus\u00e4tzliches Modul Ihrer Wahl<\/strong> absolvieren. Dies beinhaltet das Absolvieren der Module, der \u00dcbungsquizze und der benoteten Quizze.<\/li>\n\n\n\n<li>eine Mindestpunktzahl von 81 % erreichen.<\/li>\n<\/ul>\n\n\n\n<p>Sie k\u00f6nnen sich jederzeit w\u00e4hrend Ihres Kurses f\u00fcr das kostenpflichtige Zertifikat entscheiden und Ihr Engagement und Ihre erworbenen Kenntnisse sofort hervorheben.<\/p>\n","protected":false},"excerpt":{"rendered":"<p>Nach Abschluss des Kurses k\u00f6nnen Sie Ihre Kompetenzen durch das (optionale) verifizierte Zertifikat best\u00e4tigen, das zum Preis von 129 CHF erh\u00e4ltlich ist. Dieses Zertifikat, das mit einer eindeutigen Kennung und einem Verifizierungslink versehen ist, l\u00e4sst sich leicht auf LinkedIn und&#8230;<\/p>\n","protected":false},"author":8,"featured_media":0,"parent":0,"menu_order":0,"comment_status":"closed","ping_status":"closed","template":"","meta":{"footnotes":""},"class_list":["post-6115","page","type-page","status-publish","hentry"],"_links":{"self":[{"href":"https:\/\/childrights-mooc.ch\/de\/wp-json\/wp\/v2\/pages\/6115","targetHints":{"allow":["GET"]}}],"collection":[{"href":"https:\/\/childrights-mooc.ch\/de\/wp-json\/wp\/v2\/pages"}],"about":[{"href":"https:\/\/childrights-mooc.ch\/de\/wp-json\/wp\/v2\/types\/page"}],"author":[{"embeddable":true,"href":"https:\/\/childrights-mooc.ch\/de\/wp-json\/wp\/v2\/users\/8"}],"replies":[{"embeddable":true,"href":"https:\/\/childrights-mooc.ch\/de\/wp-json\/wp\/v2\/comments?post=6115"}],"version-history":[{"count":1,"href":"https:\/\/childrights-mooc.ch\/de\/wp-json\/wp\/v2\/pages\/6115\/revisions"}],"predecessor-version":[{"id":6117,"href":"https:\/\/childrights-mooc.ch\/de\/wp-json\/wp\/v2\/pages\/6115\/revisions\/6117"}],"wp:attachment":[{"href":"https:\/\/childrights-mooc.ch\/de\/wp-json\/wp\/v2\/media?parent=6115"}],"curies":[{"name":"wp","href":"https:\/\/api.w.org\/{rel}","templated":true}]}}