{"id":5117,"date":"2024-10-16T11:53:24","date_gmt":"2024-10-16T11:53:24","guid":{"rendered":"https:\/\/childrights-mooc.ch\/module-1\/"},"modified":"2026-04-14T10:08:13","modified_gmt":"2026-04-14T10:08:13","slug":"modulo-1","status":"publish","type":"page","link":"https:\/\/childrights-mooc.ch\/it\/modulo-1\/","title":{"rendered":"Modulo 1"},"content":{"rendered":"<p>[vc_row full_width=&#8221;stretch_row&#8221; css=&#8221;.vc_custom_1729625066935{background-color: #f8eed5 !important;}&#8221;][vc_column][vc_message]Nota bene: La versione italiana del MOOC sar\u00e0 disponibile nel corso dell\u2019anno. Grazie per la vostra pazienza e comprensione.[\/vc_message][vc_video link=&#8221;https:\/\/www.youtube.com\/watch?v=nd6534rAVtg&#8221; el_width=&#8221;60&#8243; align=&#8221;center&#8221;][vc_empty_space][vc_column_text]<\/p>\n<div class=\"wpb_text_column wpb_content_element \">\n<div class=\"wpb_wrapper\">\n<p>Je vous souhaite la bienvenue \u00e0 cette premi\u00e8re semaine de cours consacr\u00e9e \u00e0 une introduction sur les droits de l&#8217;enfant.<\/p>\n<\/div>\n<\/div>\n<p>Durant cette semaine, nous allons nous pencher sur les droits de l&#8217;enfant aux niveaux international, r\u00e9gional et national. Nous commencerons par examiner l&#8217;\u00e9volution des droits de l&#8217;enfant au cours de l&#8217;histoire et le r\u00f4le de la Convention des droits de l&#8217;enfant. Nous examinerons le passage de l&#8217;enfant d\u2019objet \u00e0 sujet de droits, ainsi que les quatre principes g\u00e9n\u00e9raux de la Convention, sur lesquels reposent ses 54 articles. Pour mieux mettre en \u0153uvre les droits de l&#8217;enfant en Suisse et dans le monde, il est important de comprendre cette \u00e9volution et de consid\u00e9rer les enfants comme des membres \u00e0 part enti\u00e8re de la soci\u00e9t\u00e9.<\/p>\n<p>Dans la deuxi\u00e8me partie de cette semaine, nous nous int\u00e9resserons aux instruments du Conseil de l&#8217;Europe, dont la Suisse est membre, et de leur r\u00f4le dans la promotion des droits de l&#8217;enfant. Nous en apprendrons davantage sur le Comit\u00e9 directeur des droits de l&#8217;enfant qui \u00e9labore des programmes et des normes visant \u00e0 garantir le respect des droits de l&#8217;enfant dans tous les \u00c9tats membres du Conseil de l\u2019Europe.<\/p>\n<p>Nous conclurons cette semaine en nous penchant sur le contexte suisse, en d\u00e9couvrant le travail du Comit\u00e9 des droits de l&#8217;enfant des Nations unies et les meilleures pratiques en vigueur dans notre pays. Nous d\u00e9couvrirons \u00e9galement le r\u00f4le que peuvent jouer les institutions ind\u00e9pendantes de d\u00e9fense des droits de l&#8217;enfant. Nous pr\u00e9senterons enfin le Protocole facultatif \u00e0 la Convention des droits de l&#8217;enfant concernant une proc\u00e9dure de communication en nous basant sur un exemple suisse.<\/p>\n<p>Notre objectif cette semaine est de vous permettre d\u2019acqu\u00e9rir des connaissances de base sur les droits de l&#8217;enfant, puis, dans les semaines \u00e0 venir, d&#8217;examiner des sujets plus sp\u00e9cifiques ou des domaines th\u00e9matiques en lien avec les droits de l&#8217;enfant.<\/p>\n<p><b><span data-olk-copy-source=\"MessageBody\">Philip D. Jaff\u00e9<br \/>\n<\/span><\/b><b>Membre du Comit\u00e9 des droits de l\u2019enfant \u00e0 l\u2019ONU<br \/>\n<\/b><b>Instructeur principal pour le childrights-mooc.ch<\/b>[\/vc_column_text][vc_row_inner][vc_column_inner width=&#8221;1\/2&#8243;]<div class=\"gt-button gt-style-1 gt-align-left gt-inline-false gt-margin-false\"><a href=\"https:\/\/childrights-mooc.ch\/wp-content\/uploads\/2024\/10\/Module-1-FRE.pdf\" target=\"_blank\"><span>Voir le plan du module<\/span><\/a><\/div>[\/vc_column_inner][vc_column_inner width=&#8221;1\/2&#8243;]<div class=\"gt-button gt-style-1 gt-align-right gt-inline-false gt-margin-false\"><a href=\"https:\/\/www.openlearnity.org\/courses\/MOOCCH\/\" target=\"_blank\"><span>Registrato ora<\/span><\/a><\/div>[\/vc_column_inner][\/vc_row_inner][vc_empty_space height=&#8221;64px&#8221;][\/vc_column][\/vc_row]<\/p>\n","protected":false},"excerpt":{"rendered":"<p>[vc_row full_width=&#8221;stretch_row&#8221; css=&#8221;.vc_custom_1729625066935{background-color: #f8eed5 !important;}&#8221;][vc_column][vc_message]Nota bene: La versione italiana del MOOC sar\u00e0 disponibile nel corso dell\u2019anno. Grazie per la vostra pazienza e comprensione.[\/vc_message][vc_video link=&#8221;https:\/\/www.youtube.com\/watch?v=nd6534rAVtg&#8221; el_width=&#8221;60&#8243; align=&#8221;center&#8221;][vc_empty_space][vc_column_text] Je vous souhaite la bienvenue \u00e0 cette premi\u00e8re semaine de cours consacr\u00e9e \u00e0 une&#8230;<\/p>\n","protected":false},"author":3,"featured_media":0,"parent":0,"menu_order":0,"comment_status":"closed","ping_status":"closed","template":"","meta":{"footnotes":""},"class_list":["post-5117","page","type-page","status-publish","hentry"],"_links":{"self":[{"href":"https:\/\/childrights-mooc.ch\/it\/wp-json\/wp\/v2\/pages\/5117","targetHints":{"allow":["GET"]}}],"collection":[{"href":"https:\/\/childrights-mooc.ch\/it\/wp-json\/wp\/v2\/pages"}],"about":[{"href":"https:\/\/childrights-mooc.ch\/it\/wp-json\/wp\/v2\/types\/page"}],"author":[{"embeddable":true,"href":"https:\/\/childrights-mooc.ch\/it\/wp-json\/wp\/v2\/users\/3"}],"replies":[{"embeddable":true,"href":"https:\/\/childrights-mooc.ch\/it\/wp-json\/wp\/v2\/comments?post=5117"}],"version-history":[{"count":11,"href":"https:\/\/childrights-mooc.ch\/it\/wp-json\/wp\/v2\/pages\/5117\/revisions"}],"predecessor-version":[{"id":6182,"href":"https:\/\/childrights-mooc.ch\/it\/wp-json\/wp\/v2\/pages\/5117\/revisions\/6182"}],"wp:attachment":[{"href":"https:\/\/childrights-mooc.ch\/it\/wp-json\/wp\/v2\/media?parent=5117"}],"curies":[{"name":"wp","href":"https:\/\/api.w.org\/{rel}","templated":true}]}}