{"id":5133,"date":"2024-10-15T18:58:41","date_gmt":"2024-10-15T18:58:41","guid":{"rendered":"https:\/\/childrights-mooc.ch\/equipe-technique\/"},"modified":"2026-02-05T13:53:31","modified_gmt":"2026-02-05T13:53:31","slug":"squadra-tecnica","status":"publish","type":"page","link":"https:\/\/childrights-mooc.ch\/it\/squadra-tecnica\/","title":{"rendered":"Squadra tecnica"},"content":{"rendered":"<p>[vc_row full_width=&#8221;stretch_row&#8221; css=&#8221;.vc_custom_1729625554323{background-color: #f8eed5 !important;}&#8221;][vc_column][vc_empty_space][\/vc_column][\/vc_row][vc_row full_width=&#8221;stretch_row&#8221; css=&#8221;.vc_custom_1729625572214{background-color: #f8eed5 !important;}&#8221;][vc_column width=&#8221;1\/4&#8243;][vc_single_image image=&#8221;5573&#8243; img_size=&#8221;100&#215;100&#8243; alignment=&#8221;center&#8221; style=&#8221;vc_box_circle&#8221;][vc_column_text css=&#8221;.vc_custom_1730489582096{margin-top: 15px !important;}&#8221;]<span style=\"font-size: 16px;\"><strong><span class=\"major-color\">Yann Colliou<\/span><\/strong><\/span><br \/>\nResponsabile del progetto[\/vc_column_text][vc_tta_accordion color=&#8221;chino&#8221; c_icon=&#8221;triangle&#8221; c_position=&#8221;right&#8221; active_section=&#8221;99&#8243; collapsible_all=&#8221;true&#8221; css=&#8221;.vc_custom_1729625664267{background-color: #ffffff !important;}&#8221;][vc_tta_section title=&#8221;Biografia&#8221; tab_id=&#8221;1714411811039-d242ff40-94df1ba1-87e89758-5c32&#8243;][vc_column_text]Yann Colliou \u00e8 a capo del programma di accesso alla giustizia della Fondazione Terre des hommes (Tdh) dal 2017. Ha co-diretto l&#8217;Istituto internazionale per i diritti del fanciullo (IDE) tra il 2021 e il 2023 ed \u00e8 stato responsabile delle operazioni della Fondazione Terre des hommes in Medio Oriente e Nord Africa tra il 2008 e il 2016, nonch\u00e9 degli interventi umanitari di emergenza tra il 2003 e il 2007. Con un dottorato in diritto pubblico, \u00e8 specializzato in questioni relative all&#8217;accesso alla giustizia per i minori e, pi\u00f9 in particolare, all&#8217;applicazione di misure non detentive. Dal 2012 si \u00e8 concentrato sui diritti dei minori e sulla giustizia consuetudinaria, nonch\u00e9 sui meccanismi di giustizia ibrida.[\/vc_column_text][\/vc_tta_section][\/vc_tta_accordion][\/vc_column][vc_column width=&#8221;1\/4&#8243;][vc_single_image image=&#8221;5965&#8243; img_size=&#8221;100&#215;100&#8243; alignment=&#8221;center&#8221; style=&#8221;vc_box_circle&#8221;][vc_column_text css=&#8221;.vc_custom_1770285044344{margin-top: 15px !important;}&#8221;]<span style=\"font-size: 16px;\"><strong><span class=\"major-color\">Hannah Sobocinski<\/span><\/strong><\/span><br \/>\nCoordinatore del progetto[\/vc_column_text][vc_tta_accordion color=&#8221;chino&#8221; c_icon=&#8221;triangle&#8221; c_position=&#8221;right&#8221; active_section=&#8221;99&#8243; collapsible_all=&#8221;true&#8221; css=&#8221;.vc_custom_1729625670442{background-color: #ffffff !important;}&#8221;][vc_tta_section title=&#8221;Biografia&#8221; tab_id=&#8221;1714411810216-f437112c-ab9d1ba1-87e89758-5c32&#8243;][vc_column_text]<\/p>\n<div id=\"tw-target-text-container\" class=\"tw-ta-container F0azHf tw-nfl\" tabindex=\"0\">\n<p>Hannah Sobocinski \u00e8 specializzata nel rafforzamento delle capacit\u00e0 in contesti fragili, nel campo dei diritti dei bambini, dell&#8217;azione umanitaria e dei diritti umani. Ha formato studenti e gestito programmi di formazione online e in presenza sulla protezione dell&#8217;infanzia in contesti di crisi umanitarie (in particolare in Africa centrale e occidentale, Africa orientale e Bangladesh), sull&#8217;analisi dei bisogni umanitari e sul sostegno alle attivit\u00e0 di advocacy dei difensori dei diritti umani.<\/p>\n<p>In qualit\u00e0 di coordinatrice del progetto childrights-mooc.ch, si occupa del coordinamento, della gestione della piattaforma, dello sviluppo e della diffusione di childrights-mooc.ch con l&#8217;obiettivo di promuovere la difesa e la promozione dei diritti dei bambini in Svizzera.<\/p>\n<\/div>\n<p>[\/vc_column_text][\/vc_tta_section][\/vc_tta_accordion][\/vc_column][vc_column width=&#8221;1\/4&#8243;][vc_single_image image=&#8221;5212&#8243; img_size=&#8221;100&#215;100&#8243; alignment=&#8221;center&#8221; style=&#8221;vc_box_circle&#8221;][vc_column_text css=&#8221;.vc_custom_1746552162185{margin-top: 15px !important;}&#8221;]<span style=\"font-size: 16px;\"><strong><span class=\"major-color\">Petros Raitsidis<\/span><\/strong><\/span><br \/>\nVideografo[\/vc_column_text][vc_tta_accordion color=&#8221;chino&#8221; c_icon=&#8221;triangle&#8221; c_position=&#8221;right&#8221; active_section=&#8221;99&#8243; collapsible_all=&#8221;true&#8221; css=&#8221;.vc_custom_1729625653947{background-color: #ffffff !important;}&#8221;][vc_tta_section title=&#8221;Biografia&#8221; tab_id=&#8221;1715364664172-94645ff5-03c71ba1-87e89758-5c32&#8243;][vc_column_text]Petros Raitsidis \u00e8 un designer multimediale multidisciplinare con un portfolio ricco e diversificato, che ha collaborato con un&#8217;ampia gamma di organizzazioni, da startup innovative a multinazionali affermate, sia nel settore pubblico che in quello privato. Dopo una formazione in animazione 3D e produzione multimediale, ha accumulato oltre 20 anni di esperienza nei media digitali, negli effetti visivi e nelle tecnologie di imaging. La sua esperienza spazia in diverse discipline e affronta il suo lavoro con un&#8217;incessante curiosit\u00e0 e fascino per la comunicazione visiva. Risolutore naturale di problemi, Petros vive di sfide e cerca costantemente opportunit\u00e0 per imparare, adattarsi e superare i limiti del suo mestiere e delle sue capacit\u00e0.[\/vc_column_text][\/vc_tta_section][\/vc_tta_accordion][\/vc_column][vc_column width=&#8221;1\/4&#8243;][vc_single_image image=&#8221;5582&#8243; img_size=&#8221;100&#215;100&#8243; alignment=&#8221;center&#8221; style=&#8221;vc_box_circle&#8221;][vc_column_text css=&#8221;.vc_custom_1746552208349{margin-top: 15px !important;}&#8221;]<span style=\"font-size: 16px;\"><strong><span class=\"major-color\">Kevin Feuz<\/span><\/strong><\/span><br \/>\nVideografo[\/vc_column_text][vc_tta_accordion color=&#8221;chino&#8221; c_icon=&#8221;triangle&#8221; c_position=&#8221;right&#8221; active_section=&#8221;99&#8243; collapsible_all=&#8221;true&#8221; css=&#8221;.vc_custom_1729625677291{background-color: #ffffff !important;}&#8221;][vc_tta_section title=&#8221;Biografia&#8221; tab_id=&#8221;1714411810645-d23c6167-69c51ba1-87e89758-5c32&#8243;][vc_column_text]Sono Kevin Feuz, direttore della fotografia da oltre 14 anni, e la mia passione per l\u2019immagine in movimento mi accompagna fin dall\u2019infanzia. Fin da allora, ero affascinato dalla forza delle immagini e dalla possibilit\u00e0 di raccontare storie attraverso di esse. Questa fascinazione \u00e8 ancora oggi la mia motivazione. \u00c8 questa magia che mi spinge a cercare sempre nuove prospettive e a rendere vive visivamente le storie. La maggior parte del mio lavoro si concentra sulla pubblicit\u00e0 e sui progetti di documentari, che mi hanno portato ben oltre i confini dell&#8217;Europa. Ogni esperienza ha cambiato la mia visione del mondo e mi ha fatto crescere come direttore della fotografia. La diversit\u00e0 delle persone e delle culture che incontro attraverso il mio lavoro arricchisce la mia prospettiva e il mio mestiere. Nel tempo libero, mi piace spesso stare all&#8217;aria aperta, immerso nella natura, per liberare la mente e dedicarmi alla mia passione per la fotografia analogica. \u00c8 un modo rilassante, ma allo stesso tempo stimolante, per vedere il mondo \u2013 e mi piace molto. Adoro catturare l\u2019attimo, sperimentare con la macchina fotografica e lasciarmi ispirare continuamente.[\/vc_column_text][\/vc_tta_section][\/vc_tta_accordion][\/vc_column][\/vc_row][vc_row full_width=&#8221;stretch_row&#8221; css=&#8221;.vc_custom_1729625537644{background-color: #f8eed5 !important;}&#8221;][vc_column][vc_empty_space][\/vc_column][\/vc_row][vc_row][vc_column][vc_column_text]Ex collaboratrici: Coline Dequaire, Lyka Ciss\u00e9, Claudia Cordes.[\/vc_column_text][\/vc_column][\/vc_row]<\/p>\n","protected":false},"excerpt":{"rendered":"<p>[vc_row full_width=&#8221;stretch_row&#8221; css=&#8221;.vc_custom_1729625554323{background-color: #f8eed5 !important;}&#8221;][vc_column][vc_empty_space][\/vc_column][\/vc_row][vc_row full_width=&#8221;stretch_row&#8221; css=&#8221;.vc_custom_1729625572214{background-color: #f8eed5 !important;}&#8221;][vc_column width=&#8221;1\/4&#8243;][vc_single_image image=&#8221;5573&#8243; img_size=&#8221;100&#215;100&#8243; alignment=&#8221;center&#8221; style=&#8221;vc_box_circle&#8221;][vc_column_text css=&#8221;.vc_custom_1730489582096{margin-top: 15px !important;}&#8221;]Yann Colliou Responsabile del progetto[\/vc_column_text][vc_tta_accordion color=&#8221;chino&#8221; c_icon=&#8221;triangle&#8221; c_position=&#8221;right&#8221; active_section=&#8221;99&#8243; collapsible_all=&#8221;true&#8221; css=&#8221;.vc_custom_1729625664267{background-color: #ffffff !important;}&#8221;][vc_tta_section title=&#8221;Biografia&#8221; tab_id=&#8221;1714411811039-d242ff40-94df1ba1-87e89758-5c32&#8243;][vc_column_text]Yann Colliou \u00e8 a capo del programma di accesso alla&#8230;<\/p>\n","protected":false},"author":3,"featured_media":0,"parent":0,"menu_order":0,"comment_status":"closed","ping_status":"closed","template":"","meta":{"footnotes":""},"class_list":["post-5133","page","type-page","status-publish","hentry"],"_links":{"self":[{"href":"https:\/\/childrights-mooc.ch\/it\/wp-json\/wp\/v2\/pages\/5133","targetHints":{"allow":["GET"]}}],"collection":[{"href":"https:\/\/childrights-mooc.ch\/it\/wp-json\/wp\/v2\/pages"}],"about":[{"href":"https:\/\/childrights-mooc.ch\/it\/wp-json\/wp\/v2\/types\/page"}],"author":[{"embeddable":true,"href":"https:\/\/childrights-mooc.ch\/it\/wp-json\/wp\/v2\/users\/3"}],"replies":[{"embeddable":true,"href":"https:\/\/childrights-mooc.ch\/it\/wp-json\/wp\/v2\/comments?post=5133"}],"version-history":[{"count":17,"href":"https:\/\/childrights-mooc.ch\/it\/wp-json\/wp\/v2\/pages\/5133\/revisions"}],"predecessor-version":[{"id":6052,"href":"https:\/\/childrights-mooc.ch\/it\/wp-json\/wp\/v2\/pages\/5133\/revisions\/6052"}],"wp:attachment":[{"href":"https:\/\/childrights-mooc.ch\/it\/wp-json\/wp\/v2\/media?parent=5133"}],"curies":[{"name":"wp","href":"https:\/\/api.w.org\/{rel}","templated":true}]}}