{"id":5151,"date":"2024-10-16T11:56:08","date_gmt":"2024-10-16T11:56:08","guid":{"rendered":"https:\/\/childrights-mooc.ch\/module-2\/"},"modified":"2026-04-14T10:08:58","modified_gmt":"2026-04-14T10:08:58","slug":"modulo-2","status":"publish","type":"page","link":"https:\/\/childrights-mooc.ch\/it\/modulo-2\/","title":{"rendered":"Modulo 2"},"content":{"rendered":"<p>[vc_row full_width=&#8221;stretch_row&#8221; css=&#8221;.vc_custom_1729625066935{background-color: #f8eed5 !important;}&#8221;][vc_column][vc_message]Nota bene: La versione italiana del MOOC sar\u00e0 disponibile nel corso dell\u2019anno. Grazie per la vostra pazienza e comprensione.[\/vc_message][vc_video link=&#8221;https:\/\/www.youtube.com\/watch?v=DjlNl41UVcg&#8221; el_width=&#8221;60&#8243; align=&#8221;center&#8221;][vc_empty_space][vc_column_text]<\/p>\n<div class=\"wpb_text_column wpb_content_element \">\n<div class=\"wpb_wrapper\">\n<p>Bonjour et bienvenue \u00e0 la deuxi\u00e8me semaine de ce cours consacr\u00e9 \u00e0 la protection de l\u2019enfance.<\/p>\n<\/div>\n<\/div>\n<p>J&#8217;esp\u00e8re que vous avez trouv\u00e9 le contenu de la premi\u00e8re semaine int\u00e9ressant et que vous avez pu acqu\u00e9rir des connaissances pr\u00e9cieuses. Cette semaine, nous nous appuierons sur ce que vous avez d\u00e9j\u00e0 appris en examinant le th\u00e8me de la protection de l&#8217;enfance et de la pr\u00e9vention de la violence \u00e0 l&#8217;encontre des enfants. Que vous travailliez dans le secteur social, dans le domaine de la protection de l&#8217;enfance et de la jeunesse, dans une autorit\u00e9 publique, dans une \u00e9cole, une institution ou dans toute autre organisation impliqu\u00e9e dans la protection des enfants, je suis certain que les th\u00e8mes abord\u00e9s au cours de cette semaine vous seront utiles dans votre travail.<\/p>\n<p>Au d\u00e9but de cette semaine, nous examinerons de pr\u00e8s les diff\u00e9rentes formes de violence auxquelles les enfants peuvent \u00eatre expos\u00e9s ainsi que la mani\u00e8re de les identifier et d&#8217;y r\u00e9pondre de mani\u00e8re appropri\u00e9e. Nous examinerons en d\u00e9tail le d\u00e9pistage et l&#8217;intervention pr\u00e9coces dans les cas de mise en danger de l&#8217;enfant, nous nous pencherons \u00e9galement sur le syst\u00e8me de protection de l&#8217;enfant qui se base sur des mesures de droit civil et de droit p\u00e9nal afin de permettre aux enfants de b\u00e9n\u00e9ficier d\u2019une protection adapt\u00e9e.<\/p>\n<p>Dans la deuxi\u00e8me partie de cette semaine, nous nous concentrerons sur la pr\u00e9vention des abus. Nous aborderons la pr\u00e9vention de la violence \u00e0 l&#8217;\u00e9gard des enfants ainsi que la reconnaissance et la compr\u00e9hension des abus sexuels perp\u00e9tr\u00e9s \u00e0 l\u2019encontre des enfants. Nous accordons une attention particuli\u00e8re \u00e0 la protection contre les abus sexuels sur internet, tels que le cyber grooming ou le chantage exerc\u00e9 sur une personne \u00e0 partir de photos ou de vid\u00e9os. Nous passerons \u00e9galement en revue les mesures que les organisations et les institutions peuvent prendre pour mieux prot\u00e9ger les enfants dans leur environnement.<\/p>\n<p>Pour conclure la semaine, nous nous int\u00e9resserons au syst\u00e8me de protection de l&#8217;enfant et de l&#8217;aide \u00e0 l&#8217;enfant et \u00e0 la jeunesse en Suisse et notamment sur le mandat et la structure des autorit\u00e9s de protection de l&#8217;enfant. Nous aborderons \u00e9galement les normes de qualit\u00e9 transdisciplinaires de protection de l&#8217;enfance et nous \u00e9tudierons le traitement d&#8217;un cas de protection de l&#8217;enfance qui souligne l&#8217;importance d&#8217;une bonne collaboration entre les professionnels du droit et du secteur social.<\/p>\n<p>Lors de l&#8217;\u00e9laboration de ce cours, nous avons demand\u00e9 aux enfants et aux jeunes de nous faire part de leurs exp\u00e9riences et de leurs souhaits. Nous esp\u00e9rons que leurs d\u00e9clarations vous aideront \u00e0 leur accorder une plus grande voix et \u00e0 les impliquer davantage dans les processus de prise de d\u00e9cision.<\/p>\n<p><b><span data-olk-copy-source=\"MessageBody\">Philip D. Jaff\u00e9<br \/>\n<\/span><\/b><b>Membre du Comit\u00e9 des droits de l\u2019enfant \u00e0 l\u2019ONU<br \/>\n<\/b><b>Instructeur principal pour le childrights-mooc.ch<\/b>[\/vc_column_text][vc_row_inner][vc_column_inner width=&#8221;1\/2&#8243;]<div class=\"gt-button gt-style-1 gt-align-left gt-inline-false gt-margin-false\"><a href=\"https:\/\/childrights-mooc.ch\/wp-content\/uploads\/2024\/10\/Module-2-FRE.pdf\" target=\"_blank\"><span>Voir le plan du module<\/span><\/a><\/div>[\/vc_column_inner][vc_column_inner width=&#8221;1\/2&#8243;]<div class=\"gt-button gt-style-1 gt-align-right gt-inline-false gt-margin-false\"><a href=\"https:\/\/www.openlearnity.org\/courses\/MOOCCH\/\" target=\"_blank\"><span>Registrato ora<\/span><\/a><\/div>[\/vc_column_inner][\/vc_row_inner][vc_empty_space height=&#8221;64px&#8221;][\/vc_column][\/vc_row]<\/p>\n","protected":false},"excerpt":{"rendered":"<p>[vc_row full_width=&#8221;stretch_row&#8221; css=&#8221;.vc_custom_1729625066935{background-color: #f8eed5 !important;}&#8221;][vc_column][vc_message]Nota bene: La versione italiana del MOOC sar\u00e0 disponibile nel corso dell\u2019anno. Grazie per la vostra pazienza e comprensione.[\/vc_message][vc_video link=&#8221;https:\/\/www.youtube.com\/watch?v=DjlNl41UVcg&#8221; el_width=&#8221;60&#8243; align=&#8221;center&#8221;][vc_empty_space][vc_column_text] Bonjour et bienvenue \u00e0 la deuxi\u00e8me semaine de ce cours consacr\u00e9 \u00e0 la protection&#8230;<\/p>\n","protected":false},"author":3,"featured_media":0,"parent":0,"menu_order":0,"comment_status":"closed","ping_status":"closed","template":"","meta":{"footnotes":""},"class_list":["post-5151","page","type-page","status-publish","hentry"],"_links":{"self":[{"href":"https:\/\/childrights-mooc.ch\/it\/wp-json\/wp\/v2\/pages\/5151","targetHints":{"allow":["GET"]}}],"collection":[{"href":"https:\/\/childrights-mooc.ch\/it\/wp-json\/wp\/v2\/pages"}],"about":[{"href":"https:\/\/childrights-mooc.ch\/it\/wp-json\/wp\/v2\/types\/page"}],"author":[{"embeddable":true,"href":"https:\/\/childrights-mooc.ch\/it\/wp-json\/wp\/v2\/users\/3"}],"replies":[{"embeddable":true,"href":"https:\/\/childrights-mooc.ch\/it\/wp-json\/wp\/v2\/comments?post=5151"}],"version-history":[{"count":10,"href":"https:\/\/childrights-mooc.ch\/it\/wp-json\/wp\/v2\/pages\/5151\/revisions"}],"predecessor-version":[{"id":6183,"href":"https:\/\/childrights-mooc.ch\/it\/wp-json\/wp\/v2\/pages\/5151\/revisions\/6183"}],"wp:attachment":[{"href":"https:\/\/childrights-mooc.ch\/it\/wp-json\/wp\/v2\/media?parent=5151"}],"curies":[{"name":"wp","href":"https:\/\/api.w.org\/{rel}","templated":true}]}}