{"id":5153,"date":"2024-10-16T11:56:41","date_gmt":"2024-10-16T11:56:41","guid":{"rendered":"https:\/\/childrights-mooc.ch\/module-3\/"},"modified":"2026-04-14T10:09:31","modified_gmt":"2026-04-14T10:09:31","slug":"modulo-3","status":"publish","type":"page","link":"https:\/\/childrights-mooc.ch\/it\/modulo-3\/","title":{"rendered":"Modulo 3"},"content":{"rendered":"<p>[vc_row full_width=&#8221;stretch_row&#8221; css=&#8221;.vc_custom_1729625066935{background-color: #f8eed5 !important;}&#8221;][vc_column][vc_message]Nota bene: La versione italiana del MOOC sar\u00e0 disponibile nel corso dell\u2019anno. Grazie per la vostra pazienza e comprensione.[\/vc_message][vc_video link=&#8221;https:\/\/www.youtube.com\/watch?v=L8cJLLCrsP0&#8243; el_width=&#8221;60&#8243; align=&#8221;center&#8221;][vc_empty_space][vc_column_text]<\/p>\n<div class=\"wpb_text_column wpb_content_element \">\n<div class=\"wpb_wrapper\">\n<p>Bienvenue \u00e0 cette troisi\u00e8me semaine consacr\u00e9e aux droits de l\u2019enfant et \u00e0 la sant\u00e9.<\/p>\n<\/div>\n<\/div>\n<p>Cette semaine s\u2019inscrit dans la continuit\u00e9 des enseignements suivis lors des semaines pr\u00e9c\u00e9dentes, en particulier \u00e0 l\u2019introduction et \u00e0 la protection des droits de l\u2019enfant. Comment garantir \u00e0 chaque enfant un acc\u00e8s \u00e9quitable \u00e0 des soins de qualit\u00e9 et \u00e0 un syst\u00e8me de sant\u00e9 adapt\u00e9 \u00e0 ses besoins sp\u00e9cifiques ?<\/p>\n<p>Nous commencerons par explorer des th\u00e9matiques essentielles telles que la pr\u00e9vention en p\u00e9rinatalit\u00e9, le soutien aux enfants victimes de n\u00e9gligence ainsi que la promotion de l\u2019allaitement maternel. Nous nous pencherons \u00e9galement sur la question cruciale de la participation des enfants au niveau des soins dont ils b\u00e9n\u00e9ficient en mettant en avant des outils tels que l\u2019\u00e9ducation th\u00e9rapeutique qui est un \u00e9l\u00e9ment cl\u00e9 pour une meilleure adh\u00e9sion aux traitements. Vous d\u00e9couvrirez aussi des sujets plus sensibles, tels que la participation de l\u2019enfant dans les soins palliatifs ainsi que des questions plus \u00ab l\u00e9g\u00e8res \u00bb mais tout aussi importantes, comme la vaccination.<\/p>\n<p>Dans une deuxi\u00e8me partie, nous aborderons les enjeux li\u00e9s \u00e0 la sant\u00e9 mentale en \u00e9tudiant la pr\u00e9vention du suicide chez les jeunes ainsi que les effets de l\u2019exposition \u00e0 la violence domestique. L\u2019impact du changement climatique sur la sant\u00e9 physique et mentale des enfants sera \u00e9galement au c\u0153ur de nos discussions, tout comme la question de l\u2019acc\u00e8s aux soins pour les enfants issus de familles d\u00e9favoris\u00e9es, avec un regard historique sur les &#8220;enfants du placard&#8221;. Soyez pr\u00eats \u00e0 explorer ces questions avec des experts qui partageront leurs perspectives et leurs connaissances.<\/p>\n<p><b><span data-olk-copy-source=\"MessageBody\">Philip D. Jaff\u00e9<br \/>\n<\/span><\/b><b>Membre du Comit\u00e9 des droits de l\u2019enfant \u00e0 l\u2019ONU<br \/>\n<\/b><b>Instructeur principal pour le childrights-mooc.ch<\/b>[\/vc_column_text][vc_row_inner][vc_column_inner width=&#8221;1\/2&#8243;]<div class=\"gt-button gt-style-1 gt-align-left gt-inline-false gt-margin-false\"><a href=\"https:\/\/childrights-mooc.ch\/wp-content\/uploads\/2024\/10\/Module-3-FRE.pdf\" target=\"_blank\"><span>Voir le plan du module<\/span><\/a><\/div>[\/vc_column_inner][vc_column_inner width=&#8221;1\/2&#8243;]<div class=\"gt-button gt-style-1 gt-align-right gt-inline-false gt-margin-false\"><a href=\"https:\/\/www.openlearnity.org\/courses\/MOOCCH\/\" target=\"_blank\"><span>Registrato ora<\/span><\/a><\/div>[\/vc_column_inner][\/vc_row_inner][vc_empty_space height=&#8221;64px&#8221;][\/vc_column][\/vc_row]<\/p>\n","protected":false},"excerpt":{"rendered":"<p>[vc_row full_width=&#8221;stretch_row&#8221; css=&#8221;.vc_custom_1729625066935{background-color: #f8eed5 !important;}&#8221;][vc_column][vc_message]Nota bene: La versione italiana del MOOC sar\u00e0 disponibile nel corso dell\u2019anno. Grazie per la vostra pazienza e comprensione.[\/vc_message][vc_video link=&#8221;https:\/\/www.youtube.com\/watch?v=L8cJLLCrsP0&#8243; el_width=&#8221;60&#8243; align=&#8221;center&#8221;][vc_empty_space][vc_column_text] Bienvenue \u00e0 cette troisi\u00e8me semaine consacr\u00e9e aux droits de l\u2019enfant et \u00e0 la sant\u00e9&#8230;.<\/p>\n","protected":false},"author":3,"featured_media":0,"parent":0,"menu_order":0,"comment_status":"closed","ping_status":"closed","template":"","meta":{"footnotes":""},"class_list":["post-5153","page","type-page","status-publish","hentry"],"_links":{"self":[{"href":"https:\/\/childrights-mooc.ch\/it\/wp-json\/wp\/v2\/pages\/5153","targetHints":{"allow":["GET"]}}],"collection":[{"href":"https:\/\/childrights-mooc.ch\/it\/wp-json\/wp\/v2\/pages"}],"about":[{"href":"https:\/\/childrights-mooc.ch\/it\/wp-json\/wp\/v2\/types\/page"}],"author":[{"embeddable":true,"href":"https:\/\/childrights-mooc.ch\/it\/wp-json\/wp\/v2\/users\/3"}],"replies":[{"embeddable":true,"href":"https:\/\/childrights-mooc.ch\/it\/wp-json\/wp\/v2\/comments?post=5153"}],"version-history":[{"count":12,"href":"https:\/\/childrights-mooc.ch\/it\/wp-json\/wp\/v2\/pages\/5153\/revisions"}],"predecessor-version":[{"id":6184,"href":"https:\/\/childrights-mooc.ch\/it\/wp-json\/wp\/v2\/pages\/5153\/revisions\/6184"}],"wp:attachment":[{"href":"https:\/\/childrights-mooc.ch\/it\/wp-json\/wp\/v2\/media?parent=5153"}],"curies":[{"name":"wp","href":"https:\/\/api.w.org\/{rel}","templated":true}]}}