{"id":5155,"date":"2024-10-16T11:57:04","date_gmt":"2024-10-16T11:57:04","guid":{"rendered":"https:\/\/childrights-mooc.ch\/module-4\/"},"modified":"2026-04-14T10:10:03","modified_gmt":"2026-04-14T10:10:03","slug":"module-4","status":"publish","type":"page","link":"https:\/\/childrights-mooc.ch\/it\/module-4\/","title":{"rendered":"Modulo 4"},"content":{"rendered":"<p>[vc_row full_width=&#8221;stretch_row&#8221; css=&#8221;.vc_custom_1729625066935{background-color: #f8eed5 !important;}&#8221;][vc_column][vc_message]Nota bene: La versione italiana del MOOC sar\u00e0 disponibile nel corso dell\u2019anno. Grazie per la vostra pazienza e comprensione.[\/vc_message][vc_video link=&#8221;https:\/\/youtu.be\/y2dHeV_ebzE&#8221; el_width=&#8221;60&#8243; align=&#8221;center&#8221;][vc_empty_space][vc_column_text]<\/p>\n<div class=\"wpb_text_column wpb_content_element \">\n<div class=\"wpb_wrapper\">\n<p>Bienvenue dans cette quatri\u00e8me semaine consacr\u00e9e aux droits de l\u2019enfant dans le cadre de la protection de remplacement et du placement extrafamilial.<\/p>\n<\/div>\n<\/div>\n<p>Cette semaine s\u2019appuie sur ce que vous avez appris au cours de la premi\u00e8re semaine sur le cadre des droits de l\u2019enfant et de la deuxi\u00e8me semaine en lien avec la protection de l\u2019enfance. Nous explorerons les cadres juridiques et pratiques entourant les placements extra-familiaux et ce tant au niveau international que national. Nous commencerons par examiner les lignes directrices juridiques pertinentes, en commen\u00e7ant par les Lignes directrices des Nations unies relatives \u00e0 la protection de remplacement pour les enfants et leur application en Suisse. Nous nous pencherons ensuite sur le cadre juridique suisse en abordant son statut actuel et les d\u00e9fis auxquels il est confront\u00e9. Un aper\u00e7u historique de la prise en charge extrafamiliale en Suisse nous permettra de bien appr\u00e9hender la situation actuelle, cet aper\u00e7u sera compl\u00e9t\u00e9 par des statistiques r\u00e9centes qui nous permettrons de comparer les pratiques de la Suisse avec celles d\u2019autres pays.<\/p>\n<p>Nous examinerons ensuite les droits de l\u2019enfant tout au long du processus de placement et nous \u00e9tudierons les mesures alternatives au placement extrafamilial qui visent \u00e0 r\u00e9pondre de mani\u00e8re plus flexible aux besoins sp\u00e9cifiques des enfants. Nous nous pencherons \u00e9galement sur le r\u00f4le des familles d\u2019accueil en tant qu\u2019acteurs cl\u00e9s du syst\u00e8me de prise en charge.<\/p>\n<p>Dans la deuxi\u00e8me partie, nous nous concentrerons sur la mani\u00e8re dont les droits de l\u2019enfant doivent \u00eatre respect\u00e9s \u00e0 chaque \u00e9tape du placement extrafamilial. Cela inclut le processus de d\u00e9cision, l\u2019int\u00e9gration de l\u2019enfant dans un nouvel environnement, la protection de ses droits dans la vie quotidienne ainsi que l\u2019implication des familles dans le processus de soutien. Nous aborderons l\u2019importance de la phase de transition pour les jeunes qui quittent le foyer ainsi que les \u00e9tapes indispensables afin de les pr\u00e9parer \u00e0 leurs vies de jeunes adultes au-del\u00e0 de 18 ans.<\/p>\n<p>Nous verrons enfin comment les droits de l\u2019enfant s\u2019appliquent aux diff\u00e9rentes formes de situations telles que les enfants r\u00e9fugi\u00e9s non accompagn\u00e9s et les enfants ayant des besoins particuliers dans les institutions de prise en charge. Cette section fournira des indications sur la mani\u00e8re de garantir le respect des droits de l\u2019enfant dans tous les types de placement.<\/p>\n<p>J\u2019esp\u00e8re que cette section vous sera utile et qu\u2019elle vous permettra d\u2019approfondir votre compr\u00e9hension des droits de l\u2019enfant dans le contexte de la prise en charge extrafamiliale ! Commen\u00e7ons la semaine !<\/p>\n<p><b><span data-olk-copy-source=\"MessageBody\">Philip D. Jaff\u00e9<br \/>\n<\/span><\/b><b>Membre du Comit\u00e9 des droits de l\u2019enfant \u00e0 l\u2019ONU<br \/>\n<\/b><b>Instructeur principal pour le childrights-mooc.ch<\/b>[\/vc_column_text][vc_row_inner][vc_column_inner width=&#8221;1\/2&#8243;]<div class=\"gt-button gt-style-1 gt-align-left gt-inline-false gt-margin-false\"><a href=\"https:\/\/childrights-mooc.ch\/wp-content\/uploads\/2024\/10\/Module-4-FRE.pdf\" target=\"_blank\"><span>Voir le plan du module<\/span><\/a><\/div>[\/vc_column_inner][vc_column_inner width=&#8221;1\/2&#8243;]<div class=\"gt-button gt-style-1 gt-align-right gt-inline-false gt-margin-false\"><a href=\"https:\/\/www.openlearnity.org\/courses\/MOOCCH\/\" target=\"_blank\"><span>Registrato ora<\/span><\/a><\/div>[\/vc_column_inner][\/vc_row_inner][vc_empty_space height=&#8221;64px&#8221;][\/vc_column][\/vc_row]<\/p>\n","protected":false},"excerpt":{"rendered":"<p>[vc_row full_width=&#8221;stretch_row&#8221; css=&#8221;.vc_custom_1729625066935{background-color: #f8eed5 !important;}&#8221;][vc_column][vc_message]Nota bene: La versione italiana del MOOC sar\u00e0 disponibile nel corso dell\u2019anno. Grazie per la vostra pazienza e comprensione.[\/vc_message][vc_video link=&#8221;https:\/\/youtu.be\/y2dHeV_ebzE&#8221; el_width=&#8221;60&#8243; align=&#8221;center&#8221;][vc_empty_space][vc_column_text] Bienvenue dans cette quatri\u00e8me semaine consacr\u00e9e aux droits de l\u2019enfant dans le cadre de&#8230;<\/p>\n","protected":false},"author":3,"featured_media":0,"parent":0,"menu_order":0,"comment_status":"closed","ping_status":"closed","template":"","meta":{"footnotes":""},"class_list":["post-5155","page","type-page","status-publish","hentry"],"_links":{"self":[{"href":"https:\/\/childrights-mooc.ch\/it\/wp-json\/wp\/v2\/pages\/5155","targetHints":{"allow":["GET"]}}],"collection":[{"href":"https:\/\/childrights-mooc.ch\/it\/wp-json\/wp\/v2\/pages"}],"about":[{"href":"https:\/\/childrights-mooc.ch\/it\/wp-json\/wp\/v2\/types\/page"}],"author":[{"embeddable":true,"href":"https:\/\/childrights-mooc.ch\/it\/wp-json\/wp\/v2\/users\/3"}],"replies":[{"embeddable":true,"href":"https:\/\/childrights-mooc.ch\/it\/wp-json\/wp\/v2\/comments?post=5155"}],"version-history":[{"count":8,"href":"https:\/\/childrights-mooc.ch\/it\/wp-json\/wp\/v2\/pages\/5155\/revisions"}],"predecessor-version":[{"id":6185,"href":"https:\/\/childrights-mooc.ch\/it\/wp-json\/wp\/v2\/pages\/5155\/revisions\/6185"}],"wp:attachment":[{"href":"https:\/\/childrights-mooc.ch\/it\/wp-json\/wp\/v2\/media?parent=5155"}],"curies":[{"name":"wp","href":"https:\/\/api.w.org\/{rel}","templated":true}]}}