{"id":5157,"date":"2024-10-16T11:57:25","date_gmt":"2024-10-16T11:57:25","guid":{"rendered":"https:\/\/childrights-mooc.ch\/module-5\/"},"modified":"2026-04-14T10:10:46","modified_gmt":"2026-04-14T10:10:46","slug":"modulo-5","status":"publish","type":"page","link":"https:\/\/childrights-mooc.ch\/it\/modulo-5\/","title":{"rendered":"Modulo 5"},"content":{"rendered":"<p>[vc_row full_width=&#8221;stretch_row&#8221; css=&#8221;.vc_custom_1729625066935{background-color: #f8eed5 !important;}&#8221;][vc_column][vc_message]Nota bene: La versione italiana del MOOC sar\u00e0 disponibile nel corso dell\u2019anno. Grazie per la vostra pazienza e comprensione.[\/vc_message][vc_video link=&#8221;https:\/\/youtu.be\/FHpoe908QJM&#8221; el_width=&#8221;60&#8243; align=&#8221;center&#8221;][vc_empty_space][vc_column_text]<\/p>\n<div class=\"wpb_text_column wpb_content_element \">\n<div class=\"wpb_wrapper\">\n<p>Bienvenue dans cette cinqui\u00e8me semaine de cours consacr\u00e9e aux droits de l\u2019enfant et \u00e0 l\u2019\u00e9ducation. Cette nouvelle semaine de notre cours s\u2019appuie sur ce que vous avez appris au cours de la premi\u00e8re semaine sur le cadre des droits de l\u2019enfant et de la deuxi\u00e8me semaine sur la protection de l\u2019enfance. Au cours de cette semaine, nous allons nous concentrer sur les droits de l\u2019enfant et l\u2019\u00e9ducation. Nous nous int\u00e9resserons dans un premier temps \u00e0 la petite enfance, nous aborderons les questions de la non-discrimination, de l\u2019\u00e9ducation pour les enfants demandeurs d\u2019asile mais aussi la question de la qualit\u00e9 de l\u2019\u00e9ducation en lien avec la petite enfance.<\/p>\n<\/div>\n<\/div>\n<p>Dans l\u2019\u00e9tape suivante, nous examinerons les droits de l\u2019enfant \u00e0 l\u2019\u00e9cole, nous verrons comment les droits de l\u2019enfant sont appliqu\u00e9s dans le cadre scolaire et comment l\u2019acc\u00e8s \u00e0 l\u2019\u00e9ducation est organis\u00e9 pour les enfants d\u00e9favoris\u00e9s en Suisse. Nous pencherons \u00e9galement sur la violence et le harc\u00e8lement \u00e0 l\u2019\u00e9cole en d\u00e9montrant comment les droits de l\u2019enfant peuvent \u00eatre int\u00e9gr\u00e9s dans la vie quotidienne \u00e0 l\u2019\u00e9cole. Nous discuterons ensuite de la mani\u00e8re dont les enseignants peuvent instruire les droits de l\u2019enfant et \u00e9tablir un lien avec les programmes scolaires des diff\u00e9rentes r\u00e9gions linguistiques du pays.<\/p>\n<p>Un autre th\u00e8me important de ce module est le monde digitale et les droits de l\u2019enfant qui y sont associ\u00e9s. Nous examinons les droits des enfants et l\u2019acc\u00e8s \u00e0 l\u2019information ainsi qu\u2019 \u00e0 la protection de la vie priv\u00e9e dans l\u2019espace num\u00e9rique.<\/p>\n<p>L\u2019objectif de cette semaine est de vous permettre d\u2019appr\u00e9hender la mani\u00e8re dont les droits de l\u2019enfant peuvent \u00eatre promus et prot\u00e9g\u00e9s dans l\u2019\u00e9ducation et au-del\u00e0.<\/p>\n<p><b><span data-olk-copy-source=\"MessageBody\"><span style=\"vertical-align: inherit;\"><span style=\"vertical-align: inherit;\">Philip D. Jaff\u00e9<\/span><\/span><br \/>\n<\/span><\/b><b><span style=\"vertical-align: inherit;\"><span style=\"vertical-align: inherit;\"> Member of the UN Committee on the Rights of the Child <\/span><\/span><br \/>\n<\/b><b><span style=\"vertical-align: inherit;\"><span style=\"vertical-align: inherit;\">Lead instructor for childrights-mooc.ch<\/span><\/span><\/b>[\/vc_column_text][vc_row_inner][vc_column_inner width=&#8221;1\/2&#8243;]<div class=\"gt-button gt-style-1 gt-align-left gt-inline-false gt-margin-false\"><a href=\"https:\/\/childrights-mooc.ch\/wp-content\/uploads\/2024\/10\/Module-5-FRE.pdf\" target=\"_blank\"><span>See the plan of the module<\/span><\/a><\/div>[\/vc_column_inner][vc_column_inner width=&#8221;1\/2&#8243;]<div class=\"gt-button gt-style-1 gt-align-right gt-inline-false gt-margin-false\"><a href=\"https:\/\/www.openlearnity.org\/courses\/MOOCCH\/\" target=\"_blank\"><span>Registrato ora<\/span><\/a><\/div>[\/vc_column_inner][\/vc_row_inner][vc_empty_space height=&#8221;64px&#8221;][\/vc_column][\/vc_row][vc_row][vc_column][vc_column_text][\/vc_column_text][\/vc_column][\/vc_row]<\/p>\n","protected":false},"excerpt":{"rendered":"<p>[vc_row full_width=&#8221;stretch_row&#8221; css=&#8221;.vc_custom_1729625066935{background-color: #f8eed5 !important;}&#8221;][vc_column][vc_message]Nota bene: La versione italiana del MOOC sar\u00e0 disponibile nel corso dell\u2019anno. Grazie per la vostra pazienza e comprensione.[\/vc_message][vc_video link=&#8221;https:\/\/youtu.be\/FHpoe908QJM&#8221; el_width=&#8221;60&#8243; align=&#8221;center&#8221;][vc_empty_space][vc_column_text] Bienvenue dans cette cinqui\u00e8me semaine de cours consacr\u00e9e aux droits de l\u2019enfant et \u00e0&#8230;<\/p>\n","protected":false},"author":3,"featured_media":0,"parent":0,"menu_order":0,"comment_status":"closed","ping_status":"closed","template":"","meta":{"footnotes":""},"class_list":["post-5157","page","type-page","status-publish","hentry"],"_links":{"self":[{"href":"https:\/\/childrights-mooc.ch\/it\/wp-json\/wp\/v2\/pages\/5157","targetHints":{"allow":["GET"]}}],"collection":[{"href":"https:\/\/childrights-mooc.ch\/it\/wp-json\/wp\/v2\/pages"}],"about":[{"href":"https:\/\/childrights-mooc.ch\/it\/wp-json\/wp\/v2\/types\/page"}],"author":[{"embeddable":true,"href":"https:\/\/childrights-mooc.ch\/it\/wp-json\/wp\/v2\/users\/3"}],"replies":[{"embeddable":true,"href":"https:\/\/childrights-mooc.ch\/it\/wp-json\/wp\/v2\/comments?post=5157"}],"version-history":[{"count":7,"href":"https:\/\/childrights-mooc.ch\/it\/wp-json\/wp\/v2\/pages\/5157\/revisions"}],"predecessor-version":[{"id":6186,"href":"https:\/\/childrights-mooc.ch\/it\/wp-json\/wp\/v2\/pages\/5157\/revisions\/6186"}],"wp:attachment":[{"href":"https:\/\/childrights-mooc.ch\/it\/wp-json\/wp\/v2\/media?parent=5157"}],"curies":[{"name":"wp","href":"https:\/\/api.w.org\/{rel}","templated":true}]}}