{"id":5159,"date":"2024-10-22T20:07:32","date_gmt":"2024-10-22T20:07:32","guid":{"rendered":"https:\/\/childrights-mooc.ch\/module-6\/"},"modified":"2026-04-14T10:11:15","modified_gmt":"2026-04-14T10:11:15","slug":"modulo-6","status":"publish","type":"page","link":"https:\/\/childrights-mooc.ch\/it\/modulo-6\/","title":{"rendered":"Modulo 6"},"content":{"rendered":"<p>[vc_row full_width=&#8221;stretch_row&#8221; css=&#8221;.vc_custom_1729625066935{background-color: #f8eed5 !important;}&#8221;][vc_column][vc_message]Nota bene: La versione italiana del MOOC sar\u00e0 disponibile nel corso dell\u2019anno. Grazie per la vostra pazienza e comprensione.[\/vc_message][vc_video link=&#8221;https:\/\/youtu.be\/oErNLhQRWEI&#8221; el_width=&#8221;60&#8243; align=&#8221;center&#8221;][vc_empty_space][vc_column_text]Bienvenue dans cette sixi\u00e8me semaine consacr\u00e9e aux droits de l\u2019enfant et \u00e0 l\u2019acc\u00e8s \u00e0 la justice.<\/p>\n<p>Cette semaine s\u2019inscrit dans la continuit\u00e9 des enseignements que vous avez suivi lors de la semaine d\u2019introduction ainsi que celle consacr\u00e9e \u00e0 la protection. Quels sont les d\u00e9fis majeurs auxquels la Suisse est confront\u00e9e pour adapter son syst\u00e8me judiciaire aux besoins et aux droits des enfants ? Cette semaine, nous explorerons cette question en nous int\u00e9ressant d\u2019abord \u00e0 l\u2019int\u00e9gration des droits de l\u2019enfant dans la justice p\u00e9nale, en prenant du recul avec les normes internationales telles les R\u00e8gles de Beijing et les Lignes directrices de Riyad. Nous analyserons ensuite comment ces normes sont appliqu\u00e9es en Suisse et nous examinerons les statistiques r\u00e9centes sur la criminalit\u00e9 juv\u00e9nile. En parall\u00e8le, nous nous pencherons sur les approches alternatives \u00e0 la justice traditionnelle, comme la justice restaurative et la m\u00e9diation p\u00e9nale, en \u00e9tudiant leur pertinence \u00e0 travers le prisme des neurosciences.<\/p>\n<p>Dans la deuxi\u00e8me partie de la semaine, nous aborderons la place de l\u2019enfant dans les proc\u00e9dures civiles, en nous focalisant sur ses besoins et sur son int\u00e9r\u00eat sup\u00e9rieur, particuli\u00e8rement lorsque l\u2019enfant est issu de familles LGBTIQ ou est affect\u00e9 par une s\u00e9paration parentale. Enfin, nous discuterons de l\u2019audition et de la repr\u00e9sentation de l\u2019enfant dans les proc\u00e9dures judiciaires et administratives, deux aspects essentiels visant \u00e0 garantir que les enfants soient entendus et consid\u00e9r\u00e9s comme des acteurs \u00e0 part enti\u00e8re dans ces processus. Je suis particuli\u00e8rement enthousiaste \u00e0 l\u2019id\u00e9e de vous faire d\u00e9couvrir cette semaine des experts passionn\u00e9s, qui ont jou\u00e9 un r\u00f4le cl\u00e9 dans le d\u00e9veloppement de ces th\u00e9matiques. Soyez pr\u00eats \u00e0 plonger dans des \u00e9changes captivants qui ne manqueront pas de susciter r\u00e9flexion et inspiration.<\/p>\n<p><b><span data-olk-copy-source=\"MessageBody\">Philip D. Jaff\u00e9<br \/>\n<\/span><\/b><b>Membre du Comit\u00e9 des droits de l\u2019enfant \u00e0 l\u2019ONU<br \/>\n<\/b><b>Instructeur principal pour le childrights-mooc.ch<\/b>[\/vc_column_text][vc_row_inner][vc_column_inner width=&#8221;1\/2&#8243;]<div class=\"gt-button gt-style-1 gt-align-left gt-inline-false gt-margin-false\"><a href=\"https:\/\/childrights-mooc.ch\/wp-content\/uploads\/2024\/10\/Module-6-FRE.pdf\" target=\"_blank\"><span>Voir le plan du module<\/span><\/a><\/div>[\/vc_column_inner][vc_column_inner width=&#8221;1\/2&#8243;]<div class=\"gt-button gt-style-1 gt-align-right gt-inline-false gt-margin-false\"><a href=\"https:\/\/www.openlearnity.org\/courses\/MOOCCH\/\" target=\"_blank\"><span>Registrato ora<\/span><\/a><\/div>[\/vc_column_inner][\/vc_row_inner][vc_empty_space height=&#8221;64px&#8221;][\/vc_column][\/vc_row]<\/p>\n","protected":false},"excerpt":{"rendered":"<p>[vc_row full_width=&#8221;stretch_row&#8221; css=&#8221;.vc_custom_1729625066935{background-color: #f8eed5 !important;}&#8221;][vc_column][vc_message]Nota bene: La versione italiana del MOOC sar\u00e0 disponibile nel corso dell\u2019anno. Grazie per la vostra pazienza e comprensione.[\/vc_message][vc_video link=&#8221;https:\/\/youtu.be\/oErNLhQRWEI&#8221; el_width=&#8221;60&#8243; align=&#8221;center&#8221;][vc_empty_space][vc_column_text]Bienvenue dans cette sixi\u00e8me semaine consacr\u00e9e aux droits de l\u2019enfant et \u00e0 l\u2019acc\u00e8s \u00e0 la&#8230;<\/p>\n","protected":false},"author":4,"featured_media":0,"parent":0,"menu_order":0,"comment_status":"closed","ping_status":"closed","template":"","meta":{"footnotes":""},"class_list":["post-5159","page","type-page","status-publish","hentry"],"_links":{"self":[{"href":"https:\/\/childrights-mooc.ch\/it\/wp-json\/wp\/v2\/pages\/5159","targetHints":{"allow":["GET"]}}],"collection":[{"href":"https:\/\/childrights-mooc.ch\/it\/wp-json\/wp\/v2\/pages"}],"about":[{"href":"https:\/\/childrights-mooc.ch\/it\/wp-json\/wp\/v2\/types\/page"}],"author":[{"embeddable":true,"href":"https:\/\/childrights-mooc.ch\/it\/wp-json\/wp\/v2\/users\/4"}],"replies":[{"embeddable":true,"href":"https:\/\/childrights-mooc.ch\/it\/wp-json\/wp\/v2\/comments?post=5159"}],"version-history":[{"count":7,"href":"https:\/\/childrights-mooc.ch\/it\/wp-json\/wp\/v2\/pages\/5159\/revisions"}],"predecessor-version":[{"id":6187,"href":"https:\/\/childrights-mooc.ch\/it\/wp-json\/wp\/v2\/pages\/5159\/revisions\/6187"}],"wp:attachment":[{"href":"https:\/\/childrights-mooc.ch\/it\/wp-json\/wp\/v2\/media?parent=5159"}],"curies":[{"name":"wp","href":"https:\/\/api.w.org\/{rel}","templated":true}]}}