{"id":6098,"date":"2026-03-05T09:43:22","date_gmt":"2026-03-05T09:43:22","guid":{"rendered":"https:\/\/childrights-mooc.ch\/?page_id=6098"},"modified":"2026-03-05T09:43:23","modified_gmt":"2026-03-05T09:43:23","slug":"comitato-scientifico","status":"publish","type":"page","link":"https:\/\/childrights-mooc.ch\/it\/comitato-scientifico\/","title":{"rendered":"Comitato scientifico"},"content":{"rendered":"\n<p><\/p>\n\n\n\n<p class=\"has-medium-font-size\">Nella fase attuale di attuazione, il progetto \u00e8 sostenuto da un comitato scientifico composto da quattro esperti che garantiscono la qualit\u00e0 e la accuratezza dei contenuti.<\/p>\n\n\n\n<p class=\"has-medium-font-size\"><strong>Fase di attuazione:<\/strong><\/p>\n\n\n\n<ul class=\"wp-block-list\">\n<li class=\"has-medium-font-size\">Jean Zermatten<\/li>\n\n\n\n<li class=\"has-medium-font-size\">Selin G\u00e9lard<\/li>\n\n\n\n<li class=\"has-medium-font-size\">Philip Jaff\u00e9<\/li>\n\n\n\n<li class=\"has-medium-font-size\">Yann Colliou<\/li>\n<\/ul>\n\n\n\n<p class=\"has-medium-font-size\">Durante la fase di progettazione, \u00e8 stato inoltre mobilitato un comitato scientifico dedicato per definire gli orientamenti del MOOC e convalidare le scelte relative ai contenuti.<\/p>\n\n\n\n<p class=\"has-medium-font-size\"><strong>Fase di progettazione:<\/strong><\/p>\n\n\n\n<ul class=\"wp-block-list\">\n<li class=\"has-medium-font-size\">Michelle Cottier<\/li>\n\n\n\n<li class=\"has-medium-font-size\">Mia Dambach<\/li>\n\n\n\n<li class=\"has-medium-font-size\">Zo\u00e9 Moody<\/li>\n\n\n\n<li class=\"has-medium-font-size\">Roberta Ruggiero<\/li>\n<\/ul>\n\n\n\n<p><\/p>\n","protected":false},"excerpt":{"rendered":"<p>Nella fase attuale di attuazione, il progetto \u00e8 sostenuto da un comitato scientifico composto da quattro esperti che garantiscono la qualit\u00e0 e la accuratezza dei contenuti. Fase di attuazione: Durante la fase di progettazione, \u00e8 stato inoltre mobilitato un comitato&#8230;<\/p>\n","protected":false},"author":8,"featured_media":0,"parent":0,"menu_order":0,"comment_status":"closed","ping_status":"closed","template":"","meta":{"footnotes":""},"class_list":["post-6098","page","type-page","status-publish","hentry"],"_links":{"self":[{"href":"https:\/\/childrights-mooc.ch\/it\/wp-json\/wp\/v2\/pages\/6098","targetHints":{"allow":["GET"]}}],"collection":[{"href":"https:\/\/childrights-mooc.ch\/it\/wp-json\/wp\/v2\/pages"}],"about":[{"href":"https:\/\/childrights-mooc.ch\/it\/wp-json\/wp\/v2\/types\/page"}],"author":[{"embeddable":true,"href":"https:\/\/childrights-mooc.ch\/it\/wp-json\/wp\/v2\/users\/8"}],"replies":[{"embeddable":true,"href":"https:\/\/childrights-mooc.ch\/it\/wp-json\/wp\/v2\/comments?post=6098"}],"version-history":[{"count":2,"href":"https:\/\/childrights-mooc.ch\/it\/wp-json\/wp\/v2\/pages\/6098\/revisions"}],"predecessor-version":[{"id":6100,"href":"https:\/\/childrights-mooc.ch\/it\/wp-json\/wp\/v2\/pages\/6098\/revisions\/6100"}],"wp:attachment":[{"href":"https:\/\/childrights-mooc.ch\/it\/wp-json\/wp\/v2\/media?parent=6098"}],"curies":[{"name":"wp","href":"https:\/\/api.w.org\/{rel}","templated":true}]}}